{"id":103,"date":"2016-05-17T23:34:31","date_gmt":"2016-05-17T21:34:31","guid":{"rendered":"http:\/\/bms-buchhaltung.de\/?page_id=103"},"modified":"2022-05-13T12:36:06","modified_gmt":"2022-05-13T10:36:06","slug":"wertscheck-abrechnung","status":"publish","type":"page","link":"https:\/\/bms-buchhaltung.net\/index.php\/wertscheck-abrechnung\/","title":{"rendered":"Wertscheck-Abrechnung"},"content":{"rendered":"<\/div><\/div><\/div><!-- close content main div --><\/div><\/div><div id='av_section_1' class='avia-section main_color avia-section-default avia-no-shadow avia-full-stretch avia-bg-style-scroll   av-minimum-height av-minimum-height-custom container_wrap sidebar_right' style = 'background-color: #2eabdd; background-repeat: no-repeat; background-image: url(https:\/\/bms-buchhaltung.net\/wp-content\/uploads\/2022\/05\/buchhaltung.svg);background-attachment: scroll; background-position: bottom left; ' data-section-bg-repeat='stretch' ><div class='container' style='height:430px'><div class='template-page content  av-content-small alpha units'><div class='post-entry post-entry-type-page post-entry-103'><div class='entry-content-wrapper clearfix'><\/div><\/div><\/div><!-- close content main div --><\/div><\/div><div id='after_section_1' class='main_color av_default_container_wrap container_wrap sidebar_right'   ><div class='container' ><div class='template-page content  av-content-small alpha units'><div class='post-entry post-entry-type-page post-entry-103'><div class='entry-content-wrapper clearfix'>\n<div style='padding-bottom:10px; margin-bottom:30px; color:#2eabdd;font-size:50px;' class='av-special-heading av-special-heading-h1 custom-color-heading blockquote modern-quote   av-inherit-size '><h1 class='av-special-heading-tag '  itemprop=\"headline\"  >Wertscheck-Abrechnung<\/h1><div class='special-heading-border'><div class='special-heading-inner-border' style='border-color:#2eabdd'><\/div><\/div><\/div>\n<div class=\"flex_column av_four_fifth  flex_column_div av-zero-column-padding first  \" style='border-radius:0px; '><section class=\"av_textblock_section \"  itemscope=\"itemscope\" itemtype=\"https:\/\/schema.org\/CreativeWork\" ><div class='avia_textblock  '   itemprop=\"text\" ><p>Nach der Entscheidung des Bundesfinanzhofs k\u00f6nnen auch Wertschecks und Karten als effizienter Steuervorteil genutzt werden.<\/p>\n<p>Die Wertschecks werden vom Finanzamt bis zu einem monatlichen Betrag von 50,00 \u20ac als Sachbezug f\u00fcr den Arbeitnehmer behandelt. Der steuerliche Vorteil liegt darin, dass Sachbez\u00fcge in H\u00f6he von bis zu 50,00 \u20ac von der Lohnsteuer sowie von den Sozialabgaben befreit sind.<\/p>\n<p>Die Abrechnung der monatlichen Wertscheck-Abrechnungen und der Versandt an die Akzeptanzpartner (Sodexho, Edenred, etc.) erfolgt unmittelbar am Monatsanfang und gew\u00e4hrleistet daher einen schnellen Geldeingang auf Ihrem Girokonto.<\/p>\n<p>Als Buchhaltungsb\u00fcro \u00fcbernehmen wir f\u00fcr Ihr Unternehmen die Abrechnung der Wertschecks und Gutscheine.<\/p>\n<\/div><\/section><\/div>\n","protected":false},"excerpt":{"rendered":"","protected":false},"author":1,"featured_media":0,"parent":0,"menu_order":0,"comment_status":"closed","ping_status":"closed","template":"","meta":{"inline_featured_image":false,"footnotes":""},"class_list":["post-103","page","type-page","status-publish","hentry"],"yoast_head":"<!-- This site is optimized with the Yoast SEO plugin v27.4 - https:\/\/yoast.com\/product\/yoast-seo-wordpress\/ -->\n<title>Wertscheck-Abrechnung - BMS GmbH &amp; Co. KG<\/title>\n<meta name=\"robots\" content=\"index, follow, max-snippet:-1, max-image-preview:large, max-video-preview:-1\" \/>\n<link rel=\"canonical\" href=\"https:\/\/bms-buchhaltung.net\/index.php\/wertscheck-abrechnung\/\" \/>\n<meta property=\"og:locale\" content=\"de_DE\" \/>\n<meta property=\"og:type\" content=\"article\" \/>\n<meta property=\"og:title\" content=\"Wertscheck-Abrechnung - BMS GmbH &amp; Co. KG\" \/>\n<meta property=\"og:url\" content=\"https:\/\/bms-buchhaltung.net\/index.php\/wertscheck-abrechnung\/\" \/>\n<meta property=\"og:site_name\" content=\"BMS GmbH &amp; Co. KG\" \/>\n<meta property=\"article:modified_time\" content=\"2022-05-13T10:36:06+00:00\" \/>\n<meta name=\"twitter:card\" content=\"summary_large_image\" \/>\n<meta name=\"twitter:site\" content=\"@BMSGmbH\" \/>\n<meta name=\"twitter:label1\" content=\"Gesch\u00e4tzte Lesezeit\" \/>\n\t<meta name=\"twitter:data1\" content=\"2\u00a0Minuten\" \/>\n<script type=\"application\/ld+json\" class=\"yoast-schema-graph\">{\"@context\":\"https:\\\/\\\/schema.org\",\"@graph\":[{\"@type\":\"WebPage\",\"@id\":\"https:\\\/\\\/bms-buchhaltung.net\\\/index.php\\\/wertscheck-abrechnung\\\/\",\"url\":\"https:\\\/\\\/bms-buchhaltung.net\\\/index.php\\\/wertscheck-abrechnung\\\/\",\"name\":\"Wertscheck-Abrechnung - BMS GmbH &amp; Co. KG\",\"isPartOf\":{\"@id\":\"https:\\\/\\\/bms-buchhaltung.net\\\/#website\"},\"datePublished\":\"2016-05-17T21:34:31+00:00\",\"dateModified\":\"2022-05-13T10:36:06+00:00\",\"breadcrumb\":{\"@id\":\"https:\\\/\\\/bms-buchhaltung.net\\\/index.php\\\/wertscheck-abrechnung\\\/#breadcrumb\"},\"inLanguage\":\"de\",\"potentialAction\":[{\"@type\":\"ReadAction\",\"target\":[\"https:\\\/\\\/bms-buchhaltung.net\\\/index.php\\\/wertscheck-abrechnung\\\/\"]}]},{\"@type\":\"BreadcrumbList\",\"@id\":\"https:\\\/\\\/bms-buchhaltung.net\\\/index.php\\\/wertscheck-abrechnung\\\/#breadcrumb\",\"itemListElement\":[{\"@type\":\"ListItem\",\"position\":1,\"name\":\"Startseite\",\"item\":\"https:\\\/\\\/bms-buchhaltung.net\\\/index.php\\\/home\\\/\"},{\"@type\":\"ListItem\",\"position\":2,\"name\":\"Wertscheck-Abrechnung\"}]},{\"@type\":\"WebSite\",\"@id\":\"https:\\\/\\\/bms-buchhaltung.net\\\/#website\",\"url\":\"https:\\\/\\\/bms-buchhaltung.net\\\/\",\"name\":\"BMS GmbH &amp; Co. KG\",\"description\":\"lfd. Lohnbuchhaltung, Buchen lfd. Gesch\u00e4ftsvorf\u00e4ll e\",\"potentialAction\":[{\"@type\":\"SearchAction\",\"target\":{\"@type\":\"EntryPoint\",\"urlTemplate\":\"https:\\\/\\\/bms-buchhaltung.net\\\/?s={search_term_string}\"},\"query-input\":{\"@type\":\"PropertyValueSpecification\",\"valueRequired\":true,\"valueName\":\"search_term_string\"}}],\"inLanguage\":\"de\"}]}<\/script>\n<!-- \/ Yoast SEO plugin. -->","yoast_head_json":{"title":"Wertscheck-Abrechnung - BMS GmbH &amp; Co. KG","robots":{"index":"index","follow":"follow","max-snippet":"max-snippet:-1","max-image-preview":"max-image-preview:large","max-video-preview":"max-video-preview:-1"},"canonical":"https:\/\/bms-buchhaltung.net\/index.php\/wertscheck-abrechnung\/","og_locale":"de_DE","og_type":"article","og_title":"Wertscheck-Abrechnung - BMS GmbH &amp; Co. KG","og_url":"https:\/\/bms-buchhaltung.net\/index.php\/wertscheck-abrechnung\/","og_site_name":"BMS GmbH &amp; Co. KG","article_modified_time":"2022-05-13T10:36:06+00:00","twitter_card":"summary_large_image","twitter_site":"@BMSGmbH","twitter_misc":{"Gesch\u00e4tzte Lesezeit":"2\u00a0Minuten"},"schema":{"@context":"https:\/\/schema.org","@graph":[{"@type":"WebPage","@id":"https:\/\/bms-buchhaltung.net\/index.php\/wertscheck-abrechnung\/","url":"https:\/\/bms-buchhaltung.net\/index.php\/wertscheck-abrechnung\/","name":"Wertscheck-Abrechnung - BMS GmbH &amp; Co. KG","isPartOf":{"@id":"https:\/\/bms-buchhaltung.net\/#website"},"datePublished":"2016-05-17T21:34:31+00:00","dateModified":"2022-05-13T10:36:06+00:00","breadcrumb":{"@id":"https:\/\/bms-buchhaltung.net\/index.php\/wertscheck-abrechnung\/#breadcrumb"},"inLanguage":"de","potentialAction":[{"@type":"ReadAction","target":["https:\/\/bms-buchhaltung.net\/index.php\/wertscheck-abrechnung\/"]}]},{"@type":"BreadcrumbList","@id":"https:\/\/bms-buchhaltung.net\/index.php\/wertscheck-abrechnung\/#breadcrumb","itemListElement":[{"@type":"ListItem","position":1,"name":"Startseite","item":"https:\/\/bms-buchhaltung.net\/index.php\/home\/"},{"@type":"ListItem","position":2,"name":"Wertscheck-Abrechnung"}]},{"@type":"WebSite","@id":"https:\/\/bms-buchhaltung.net\/#website","url":"https:\/\/bms-buchhaltung.net\/","name":"BMS GmbH &amp; Co. KG","description":"lfd. Lohnbuchhaltung, Buchen lfd. Gesch\u00e4ftsvorf\u00e4ll e","potentialAction":[{"@type":"SearchAction","target":{"@type":"EntryPoint","urlTemplate":"https:\/\/bms-buchhaltung.net\/?s={search_term_string}"},"query-input":{"@type":"PropertyValueSpecification","valueRequired":true,"valueName":"search_term_string"}}],"inLanguage":"de"}]}},"_links":{"self":[{"href":"https:\/\/bms-buchhaltung.net\/index.php\/wp-json\/wp\/v2\/pages\/103","targetHints":{"allow":["GET"]}}],"collection":[{"href":"https:\/\/bms-buchhaltung.net\/index.php\/wp-json\/wp\/v2\/pages"}],"about":[{"href":"https:\/\/bms-buchhaltung.net\/index.php\/wp-json\/wp\/v2\/types\/page"}],"author":[{"embeddable":true,"href":"https:\/\/bms-buchhaltung.net\/index.php\/wp-json\/wp\/v2\/users\/1"}],"replies":[{"embeddable":true,"href":"https:\/\/bms-buchhaltung.net\/index.php\/wp-json\/wp\/v2\/comments?post=103"}],"version-history":[{"count":13,"href":"https:\/\/bms-buchhaltung.net\/index.php\/wp-json\/wp\/v2\/pages\/103\/revisions"}],"predecessor-version":[{"id":2180,"href":"https:\/\/bms-buchhaltung.net\/index.php\/wp-json\/wp\/v2\/pages\/103\/revisions\/2180"}],"wp:attachment":[{"href":"https:\/\/bms-buchhaltung.net\/index.php\/wp-json\/wp\/v2\/media?parent=103"}],"curies":[{"name":"wp","href":"https:\/\/api.w.org\/{rel}","templated":true}]}}