{"id":115,"date":"2016-05-18T00:15:38","date_gmt":"2016-05-17T22:15:38","guid":{"rendered":"http:\/\/bms-buchhaltung.de\/?page_id=115"},"modified":"2022-05-16T11:47:16","modified_gmt":"2022-05-16T09:47:16","slug":"impressum","status":"publish","type":"page","link":"https:\/\/bms-buchhaltung.net\/index.php\/impressum\/","title":{"rendered":"Impressum"},"content":{"rendered":"<\/div><\/div><\/div><!-- close content main div --><\/div><\/div><div id='av_section_1' class='avia-section main_color avia-section-default avia-no-shadow avia-full-stretch av-section-color-overlay-active avia-bg-style-scroll   av-minimum-height av-minimum-height-custom container_wrap sidebar_right' style = 'background-color: #2eabdd; background-repeat: no-repeat; background-image: url(https:\/\/bms-buchhaltung.net\/wp-content\/uploads\/2022\/05\/kontakt.svg);background-attachment: scroll; background-position: bottom left; ' data-section-bg-repeat='stretch' ><div class='av-section-color-overlay-wrap'><div class='av-section-color-overlay' style='opacity: 0.5; '><\/div><div class='container' style='height:430px'><div class='template-page content  av-content-small alpha units'><div class='post-entry post-entry-type-page post-entry-115'><div class='entry-content-wrapper clearfix'><\/div><\/div><\/div><!-- close content main div --><\/div><\/div><\/div><div id='after_section_1' class='main_color av_default_container_wrap container_wrap sidebar_right'   ><div class='container' ><div class='template-page content  av-content-small alpha units'><div class='post-entry post-entry-type-page post-entry-115'><div class='entry-content-wrapper clearfix'>\n<div style='padding-bottom:10px; margin-bottom:30px; color:#2eabdd;font-size:50px;' class='av-special-heading av-special-heading-h1 custom-color-heading blockquote modern-quote   av-inherit-size '><h1 class='av-special-heading-tag '  itemprop=\"headline\"  >Impressum<\/h1><div class='special-heading-border'><div class='special-heading-inner-border' style='border-color:#2eabdd'><\/div><\/div><\/div>\n<section class=\"av_textblock_section \"  itemscope=\"itemscope\" itemtype=\"https:\/\/schema.org\/CreativeWork\" ><div class='avia_textblock  '   itemprop=\"text\" ><p>Verantwortlich f\u00fcr die Inhalte:<br \/>\nBMS GmbH &amp; Co. KG<br \/>\nW\u00e4llenweg 29b<br \/>\n32805 Horn-Bad Meinberg<\/p>\n<p>Hosting &amp; Webdesign:<br \/>\nonix &#8211; Dienstleistungs- und Handels-GmbH<br \/>\nBreite Stra\u00dfe 27<br \/>\n32657 Lemgo<\/p>\n<p><a href=\"https:\/\/www.onix.de\" target=\"_blank\" rel=\"noopener\">https:\/\/www.onix.de<\/a><\/p>\n<p>Wir freuen uns \u00fcber Anregungen, Tipps und konstruktive Kritik.Schicken Sie uns einfach eine E-mail: <a href=\"mailto:info@bms-buchhaltung.de\" target=\"_blank\" rel=\"noopener\">info@bms-buchhaltung.de<\/a><\/p>\n<h4><\/h4>\n<h4>Haftungsausschluss:<\/h4>\n<p>1. Inhalt des Onlineangebotes: Die Firma BMS GmbH &amp; Co. KG \u00fcbernimmt keinerlei Gew\u00e4hr f\u00fcr die Aktualit\u00e4t, Korrektheit, Vollst\u00e4ndigkeit oder Qualit\u00e4t der bereitgestellten Informationen. Haftungsanspr\u00fcche gegen die Firma BMS GmbH &amp; Co. KG, welche sich auf Sch\u00e4den materieller oder ideeller Art beziehen, die durch die Nutzung oder Nichtnutzung der dargebotenen Informationen bzw. durch die Nutzung fehlerhafter und unvollst\u00e4ndiger Informationen verursacht wurden sind grunds\u00e4tzlich ausgeschlossen, sofern seitens der Firma BMS GmbH &amp; Co. KG kein nachweislich vors\u00e4tzliches oder grob fahrl\u00e4ssiges Verschulden vorliegt. Alle Angebote sind freibleibend und unverbindlich. Die Firma BMS GmbH &amp; Co. KG beh\u00e4lt es sich ausdr\u00fccklich vor, Teile der Seiten oder das gesamte Angebot ohne gesonderte Ank\u00fcndigung zu ver\u00e4ndern, zu erg\u00e4nzen, zu l\u00f6schen oder die Ver\u00f6ffentlichung zeitweise oder endg\u00fcltig einzustellen.<br \/>\n2. Verweise und Links: Bei direkten oder indirekten Verweisen auf fremde Internetseiten (\u201eLinks\u201c), die au\u00dferhalb des Verantwortungsbereiches der Firma BMS GmbH &amp; Co. KG liegen, w\u00fcrde eine Haftungsverpflichtung ausschlie\u00dflich in dem Fall in Kraft treten, in dem die Firma BMS GmbH &amp; Co. KG von den Inhalten Kenntnis hat und es ihm technisch m\u00f6glich und zumutbar w\u00e4re, die Nutzung im Falle rechtswidriger Inhalte zu verhindern. Die Firma BMS GmbH &amp; Co. KG erkl\u00e4rt daher ausdr\u00fccklich, dass zum Zeitpunkt der Linksetzung die entsprechenden verlinkten Seiten frei von illegalen Inhalten waren. Die Firma BMS GmbH &amp; Co. KG hat keinerlei Einfluss auf die aktuelle und zuk\u00fcnftige Gestaltung und auf die Inhalte der gelinkten\/verkn\u00fcpften Seiten. Deshalb distanziert er sich hiermit ausdr\u00fccklich von allen Inhalten aller gelinkten\/verkn\u00fcpften Seiten, die nach der Linksetzung ver\u00e4ndert wurden. Diese Feststellung gilt f\u00fcr alle innerhalb des eigenen Internetangebotes gesetzten Links und Verweise sowie f\u00fcr Fremdeintr\u00e4ge in vom BMS GmbH &amp; Co. KG eingerichteten G\u00e4steb\u00fcchern, Diskussionsforen und Mailinglisten. F\u00fcr illegale, fehlerhafte oder unvollst\u00e4ndige Inhalte und insbesondere f\u00fcr Sch\u00e4den, die aus der Nutzung oder Nichtnutzung solcherart dargebotener Informationen entstehen, haftet allein der Anbieter der Seite, auf welche verwiesen wurde, nicht derjenige, der \u00fcber Links auf die jeweilige Ver\u00f6ffentlichung lediglich verweist.<br \/>\n3. Urheber- und Kennzeichenrecht: Die Firma BMS GmbH &amp; Co. KG ist bestrebt, in allen Publikationen die Urheberrechte der verwendeten Grafiken, Tondokumente, Videosequenzen und Texte zu beachten, von ihm selbst erstellte Grafiken, Tondokumente, Video- sequenzen und Texte zu nutzen oder auf lizenzfreie Grafiken, Tondokumente, Videosequenzen und Texte zur\u00fcck- zugreifen. Alle innerhalb des Internetangebotes genannten und ggf. durch Dritte gesch\u00fctzten Marken- und Waren-zeichen unterliegen uneingeschr\u00e4nkt den Bestimmungen des jeweils g\u00fcltigen Kennzeichenrechts und den Besitzrechten der jeweiligen eingetragenen Eigent\u00fcmer. Allein aufgrund der blo\u00dfen Nennung ist nicht der Schluss zu ziehen, dass Markenzeichen nicht durch Rechte Dritter gesch\u00fctzt sind! Das Copyright f\u00fcr ver\u00f6ffentlichte, von der Firma BMS GmbH &amp; Co. KG selbst erstellte Objekte bleibt allein beim BMS GmbH &amp; Co. KG als Herausgeber der Seiten. Eine Vervielf\u00e4ltigung oder Verwendung solcher Grafiken, Tondokumente, Videosequenzen und Texte in anderen elektronischen oder gedruckten Publikationen ist ohne ausdr\u00fcckliche Zustimmung der Firma BMS GmbH &amp; Co. KG nicht gestattet.<br \/>\n4. Datenschutz: Personenbezogene Daten wie Name, Adresse, Telefonnummer oder E-Mail, die wir bei unseren Web-Aktivit\u00e4ten in allen L\u00e4ndern, in denen wir Websites unterhalten, erheben und verwalten, geschehen in \u00dcbereinstimmung mit den nationalen Gesetzen zum Datenschutz und zur Datensicherheit. Sie bestimmen dar\u00fcber, ob Sie uns, etwa im Rahmen einer Anfrage o. \u00e4., personenbezogene Daten bekannt geben wollen oder nicht. Im Allgemeinen werden Ihre Daten nur per E-Mail an die vorgesehene E-Mail-Adresse gesendet und nicht gespeichert. Ihre personenbezogenen Daten verwenden wir nur, um Ihre Anfrage zu beantworten oder Ihnen spezielle Informationen oder Angebote zu verschaffen. Zur Pflege der Kundenbeziehungen kann es weiterhin n\u00f6tig sein: \u2013 dass wir Ihre personenbezogenen Daten speichern, verarbeiten- dass wir (oder ein Dritter in unserem Auftrag) diese Daten verwenden, um Sie \u00fcber unsere Angebote zu informieren. Das \u00c4ndern, L\u00f6schen oder Sperren von gespeicherten Daten kann jederzeit per E-Mail beantragt werden. Nutzerprofile mit oder ohne Personenbezug werden nicht erstellt. Selbstverst\u00e4ndlich respektieren wir es, wenn Sie uns Ihre personenbezogenen Daten nicht zur Unterst\u00fctzung unserer Kundenbeziehung \u00fcberlassen wollen. Wir werden Ihre personenbezogenen Daten weder an Dritte verkaufen noch anderweitig vermarkten. Wenn Sie auf unsere Websites zugreifen, werden zum Zwecke unserer Web-Statistik automatisch Informationen gesammelt, die nicht einer bestimmten Person zugeordnet sind (z.B. IP-Adresse, Internet-Browser und Betriebssystem; Domain-Name der Website, von der Sie kamen; Anzahl der Besuche, durchschnittliche Verweilzeit, aufgerufene Seiten). Eine Auswertung der Daten erfolgt nur in anonymisierter Form. Es werden auch keine Cookies oder aktiven Inhalte verwendet. Wir verwenden diese Informationen, um die Attraktivit\u00e4t unserer Websites zu ermitteln und deren Inhalt zu verbessern. Es werden Vorkehrungen getroffen, um die Sicherheit Ihrer personenbezogenen Daten zu gew\u00e4hrleisten. Ihre Daten werden gewissenhaft vor Verlust, Zerst\u00f6rung, Verf\u00e4lschung, Manipulation und unberechtigtem Zugriff oder unberechtigter Offenlegung gesch\u00fctzt. Unsere Websites enthalten Links zu anderen Websites. Wir sind f\u00fcr die Datenschutzstrategien oder den Inhalt dieser anderen Websites nicht verantwortlich.<br \/>\n5. Rechtswirksamkeit dieses Haftungsausschlusses: Dieser Haftungsausschluss ist als Teil des Internetangebotes zu betrachten, von dem aus auf diese Seite verwiesen wurde. Sofern Teile oder einzelne Formulierungen dieses Textes der geltenden Rechtslage nicht, nicht mehr oder nicht vollst\u00e4ndig entsprechen sollten, bleiben die \u00fcbrigen Teile des Dokumentes in ihrem Inhalt und ihrer G\u00fcltigkeit davon unber\u00fchrt.<\/p>\n<\/div><\/section>\n","protected":false},"excerpt":{"rendered":"","protected":false},"author":1,"featured_media":0,"parent":0,"menu_order":0,"comment_status":"closed","ping_status":"closed","template":"","meta":{"inline_featured_image":false,"footnotes":""},"class_list":["post-115","page","type-page","status-publish","hentry"],"yoast_head":"<!-- This site is optimized with the Yoast SEO plugin v27.5 - https:\/\/yoast.com\/product\/yoast-seo-wordpress\/ -->\n<title>Impressum - BMS GmbH &amp; Co. KG<\/title>\n<meta name=\"robots\" content=\"index, follow, max-snippet:-1, max-image-preview:large, max-video-preview:-1\" \/>\n<link rel=\"canonical\" href=\"https:\/\/bms-buchhaltung.net\/index.php\/impressum\/\" \/>\n<meta property=\"og:locale\" content=\"de_DE\" \/>\n<meta property=\"og:type\" content=\"article\" \/>\n<meta property=\"og:title\" content=\"Impressum - BMS GmbH &amp; Co. KG\" \/>\n<meta property=\"og:url\" content=\"https:\/\/bms-buchhaltung.net\/index.php\/impressum\/\" \/>\n<meta property=\"og:site_name\" content=\"BMS GmbH &amp; Co. KG\" \/>\n<meta property=\"article:modified_time\" content=\"2022-05-16T09:47:16+00:00\" \/>\n<meta name=\"twitter:card\" content=\"summary_large_image\" \/>\n<meta name=\"twitter:site\" content=\"@BMSGmbH\" \/>\n<script type=\"application\/ld+json\" class=\"yoast-schema-graph\">{\"@context\":\"https:\\\/\\\/schema.org\",\"@graph\":[{\"@type\":\"WebPage\",\"@id\":\"https:\\\/\\\/bms-buchhaltung.net\\\/index.php\\\/impressum\\\/\",\"url\":\"https:\\\/\\\/bms-buchhaltung.net\\\/index.php\\\/impressum\\\/\",\"name\":\"Impressum - BMS GmbH &amp; Co. KG\",\"isPartOf\":{\"@id\":\"https:\\\/\\\/bms-buchhaltung.net\\\/#website\"},\"datePublished\":\"2016-05-17T22:15:38+00:00\",\"dateModified\":\"2022-05-16T09:47:16+00:00\",\"breadcrumb\":{\"@id\":\"https:\\\/\\\/bms-buchhaltung.net\\\/index.php\\\/impressum\\\/#breadcrumb\"},\"inLanguage\":\"de\",\"potentialAction\":[{\"@type\":\"ReadAction\",\"target\":[\"https:\\\/\\\/bms-buchhaltung.net\\\/index.php\\\/impressum\\\/\"]}]},{\"@type\":\"BreadcrumbList\",\"@id\":\"https:\\\/\\\/bms-buchhaltung.net\\\/index.php\\\/impressum\\\/#breadcrumb\",\"itemListElement\":[{\"@type\":\"ListItem\",\"position\":1,\"name\":\"Startseite\",\"item\":\"https:\\\/\\\/bms-buchhaltung.net\\\/index.php\\\/home\\\/\"},{\"@type\":\"ListItem\",\"position\":2,\"name\":\"Impressum\"}]},{\"@type\":\"WebSite\",\"@id\":\"https:\\\/\\\/bms-buchhaltung.net\\\/#website\",\"url\":\"https:\\\/\\\/bms-buchhaltung.net\\\/\",\"name\":\"BMS GmbH &amp; Co. KG\",\"description\":\"lfd. Lohnbuchhaltung, Buchen lfd. Gesch\u00e4ftsvorf\u00e4ll e\",\"potentialAction\":[{\"@type\":\"SearchAction\",\"target\":{\"@type\":\"EntryPoint\",\"urlTemplate\":\"https:\\\/\\\/bms-buchhaltung.net\\\/?s={search_term_string}\"},\"query-input\":{\"@type\":\"PropertyValueSpecification\",\"valueRequired\":true,\"valueName\":\"search_term_string\"}}],\"inLanguage\":\"de\"}]}<\/script>\n<!-- \/ Yoast SEO plugin. -->","yoast_head_json":{"title":"Impressum - BMS GmbH &amp; Co. KG","robots":{"index":"index","follow":"follow","max-snippet":"max-snippet:-1","max-image-preview":"max-image-preview:large","max-video-preview":"max-video-preview:-1"},"canonical":"https:\/\/bms-buchhaltung.net\/index.php\/impressum\/","og_locale":"de_DE","og_type":"article","og_title":"Impressum - BMS GmbH &amp; Co. KG","og_url":"https:\/\/bms-buchhaltung.net\/index.php\/impressum\/","og_site_name":"BMS GmbH &amp; Co. KG","article_modified_time":"2022-05-16T09:47:16+00:00","twitter_card":"summary_large_image","twitter_site":"@BMSGmbH","schema":{"@context":"https:\/\/schema.org","@graph":[{"@type":"WebPage","@id":"https:\/\/bms-buchhaltung.net\/index.php\/impressum\/","url":"https:\/\/bms-buchhaltung.net\/index.php\/impressum\/","name":"Impressum - BMS GmbH &amp; Co. KG","isPartOf":{"@id":"https:\/\/bms-buchhaltung.net\/#website"},"datePublished":"2016-05-17T22:15:38+00:00","dateModified":"2022-05-16T09:47:16+00:00","breadcrumb":{"@id":"https:\/\/bms-buchhaltung.net\/index.php\/impressum\/#breadcrumb"},"inLanguage":"de","potentialAction":[{"@type":"ReadAction","target":["https:\/\/bms-buchhaltung.net\/index.php\/impressum\/"]}]},{"@type":"BreadcrumbList","@id":"https:\/\/bms-buchhaltung.net\/index.php\/impressum\/#breadcrumb","itemListElement":[{"@type":"ListItem","position":1,"name":"Startseite","item":"https:\/\/bms-buchhaltung.net\/index.php\/home\/"},{"@type":"ListItem","position":2,"name":"Impressum"}]},{"@type":"WebSite","@id":"https:\/\/bms-buchhaltung.net\/#website","url":"https:\/\/bms-buchhaltung.net\/","name":"BMS GmbH &amp; Co. KG","description":"lfd. Lohnbuchhaltung, Buchen lfd. Gesch\u00e4ftsvorf\u00e4ll e","potentialAction":[{"@type":"SearchAction","target":{"@type":"EntryPoint","urlTemplate":"https:\/\/bms-buchhaltung.net\/?s={search_term_string}"},"query-input":{"@type":"PropertyValueSpecification","valueRequired":true,"valueName":"search_term_string"}}],"inLanguage":"de"}]}},"_links":{"self":[{"href":"https:\/\/bms-buchhaltung.net\/index.php\/wp-json\/wp\/v2\/pages\/115","targetHints":{"allow":["GET"]}}],"collection":[{"href":"https:\/\/bms-buchhaltung.net\/index.php\/wp-json\/wp\/v2\/pages"}],"about":[{"href":"https:\/\/bms-buchhaltung.net\/index.php\/wp-json\/wp\/v2\/types\/page"}],"author":[{"embeddable":true,"href":"https:\/\/bms-buchhaltung.net\/index.php\/wp-json\/wp\/v2\/users\/1"}],"replies":[{"embeddable":true,"href":"https:\/\/bms-buchhaltung.net\/index.php\/wp-json\/wp\/v2\/comments?post=115"}],"version-history":[{"count":24,"href":"https:\/\/bms-buchhaltung.net\/index.php\/wp-json\/wp\/v2\/pages\/115\/revisions"}],"predecessor-version":[{"id":2225,"href":"https:\/\/bms-buchhaltung.net\/index.php\/wp-json\/wp\/v2\/pages\/115\/revisions\/2225"}],"wp:attachment":[{"href":"https:\/\/bms-buchhaltung.net\/index.php\/wp-json\/wp\/v2\/media?parent=115"}],"curies":[{"name":"wp","href":"https:\/\/api.w.org\/{rel}","templated":true}]}}