{"id":367,"date":"2014-09-13T17:30:30","date_gmt":"2014-09-13T17:30:30","guid":{"rendered":"http:\/\/wp\/?page_id=367"},"modified":"2022-05-13T13:29:27","modified_gmt":"2022-05-13T11:29:27","slug":"loesungen","status":"publish","type":"page","link":"https:\/\/bms-buchhaltung.net\/index.php\/loesungen\/","title":{"rendered":"L\u00f6sungen"},"content":{"rendered":"<\/div><\/div><\/div><!-- close content main div --><\/div><\/div><div id='av_section_1' class='avia-section main_color avia-section-default avia-no-border-styling avia-full-stretch avia-bg-style-scroll   av-minimum-height av-minimum-height-custom container_wrap sidebar_right' style = 'background-color: #7bb0e7; background-repeat: no-repeat; background-image: url(https:\/\/bms-buchhaltung.net\/wp-content\/uploads\/2022\/05\/leistungen.svg);background-attachment: scroll; background-position: bottom left; ' data-section-bg-repeat='stretch' ><div class='container' style='height:430px'><div class='template-page content  av-content-small alpha units'><div class='post-entry post-entry-type-page post-entry-367'><div class='entry-content-wrapper clearfix'><\/div><\/div><\/div><!-- close content main div --><\/div><\/div><div id='after_section_1' class='main_color av_default_container_wrap container_wrap sidebar_right'   ><div class='container' ><div class='template-page content  av-content-small alpha units'><div class='post-entry post-entry-type-page post-entry-367'><div class='entry-content-wrapper clearfix'>\n<div style='padding-bottom:10px; margin-bottom:10px; color:#2eabdd;font-size:50px;' class='av-special-heading av-special-heading-h1 custom-color-heading blockquote modern-quote   av-inherit-size '><h1 class='av-special-heading-tag '  itemprop=\"headline\"  >L\u00f6sungen<\/h1><div class ='av-subheading av-subheading_below av_custom_color ' style='font-size:25px;'><p>Folgende Dienstleistungen bieten wir an<\/p>\n<\/div><div class='special-heading-border'><div class='special-heading-inner-border' style='border-color:#2eabdd'><\/div><\/div><\/div>\n<\/div><\/div><\/div><!-- close content main div --><\/div><\/div><div id='av_section_2' class='avia-section main_color avia-section-default avia-no-border-styling avia-bg-style-scroll   container_wrap sidebar_right' style = 'background-image: '  ><div class='container' ><div class='template-page content  av-content-small alpha units'><div class='post-entry post-entry-type-page post-entry-367'><div class='entry-content-wrapper clearfix'>\n<div class=\"flex_column av_one_fourth  flex_column_div first  \" ><article class=\"iconbox iconbox_top av-no-box   \"  itemscope=\"itemscope\" itemtype=\"https:\/\/schema.org\/CreativeWork\" ><div class=\"iconbox_content\"><header class=\"entry-content-header\"><a href='https:\/\/bms-buchhaltung.net\/index.php\/lfd-finanzbuchhaltung\/' title='Finanz'  class=\"iconbox_icon heading-color \" aria-hidden='true' data-av_icon='\ue80a' data-av_iconfont='icons-bms-buchhaltung'  style='background-color:#ffffff; color:#2eabdd; ' ><\/a><h3 class='iconbox_content_title '  itemprop=\"headline\"  ><a href='https:\/\/bms-buchhaltung.net\/index.php\/lfd-finanzbuchhaltung\/' title='Finanz' >Finanz<\/a><\/h3><\/header><div class='iconbox_content_container  '  itemprop=\"text\"  ><p style=\"text-align: center;\">Erfassung Ihrer laufenden Gesch\u00e4ftsvorf\u00e4lle.<\/p>\n<\/div><\/div><footer class=\"entry-footer\"><\/footer><\/article><\/div><div class=\"flex_column av_one_fourth  flex_column_div av-zero-column-padding   \" style='border-radius:0px; '><article class=\"iconbox iconbox_top av-no-box   \"  itemscope=\"itemscope\" itemtype=\"https:\/\/schema.org\/CreativeWork\" ><div class=\"iconbox_content\"><header class=\"entry-content-header\"><a href='https:\/\/bms-buchhaltung.net\/index.php\/lfd-lohnbuchhaltung\/' title='Lohn'  class=\"iconbox_icon heading-color \" aria-hidden='true' data-av_icon='\ue803' data-av_iconfont='icons-bms-buchhaltung'  style='background-color:#ffffff; color:#2eabdd; ' ><\/a><h3 class='iconbox_content_title '  itemprop=\"headline\"  ><a href='https:\/\/bms-buchhaltung.net\/index.php\/lfd-lohnbuchhaltung\/' title='Lohn' >Lohn<\/a><\/h3><\/header><div class='iconbox_content_container  '  itemprop=\"text\"  ><p style=\"text-align: center;\">Abrechnung von L\u00f6hnen und Geh\u00e4ltern.<\/p>\n<\/div><\/div><footer class=\"entry-footer\"><\/footer><\/article><\/div><div class=\"flex_column av_one_fourth  flex_column_div av-zero-column-padding   \" style='border-radius:0px; '><article class=\"iconbox iconbox_top av-no-box   \"  itemscope=\"itemscope\" itemtype=\"https:\/\/schema.org\/CreativeWork\" ><div class=\"iconbox_content\"><header class=\"entry-content-header\"><a href='https:\/\/bms-buchhaltung.net\/index.php\/das-team-der-bms\/' title='Zahlung'  class=\"iconbox_icon heading-color \" aria-hidden='true' data-av_icon='\ue809' data-av_iconfont='icons-bms-buchhaltung'  style='background-color:#ffffff; color:#2eabdd; ' ><\/a><h3 class='iconbox_content_title '  itemprop=\"headline\"  ><a href='https:\/\/bms-buchhaltung.net\/index.php\/das-team-der-bms\/' title='Zahlung' >Zahlung<\/a><\/h3><\/header><div class='iconbox_content_container  '  itemprop=\"text\"  ><p style=\"text-align: center;\">\u00dcberwachung und p\u00fcnktliche Zahlung der offenen Posten.<\/p>\n<\/div><\/div><footer class=\"entry-footer\"><\/footer><\/article><\/div><div class=\"flex_column av_one_fourth  flex_column_div av-zero-column-padding   \" style='border-radius:0px; '><article class=\"iconbox iconbox_top av-no-box   \"  itemscope=\"itemscope\" itemtype=\"https:\/\/schema.org\/CreativeWork\" ><div class=\"iconbox_content\"><header class=\"entry-content-header\"><a href='https:\/\/bms-buchhaltung.net\/index.php\/news\/' title='Wertschecks'  class=\"iconbox_icon heading-color \" aria-hidden='true' data-av_icon='\ue805' data-av_iconfont='icons-bms-buchhaltung'  style='background-color:#ffffff; color:#2eabdd; ' ><\/a><h3 class='iconbox_content_title '  itemprop=\"headline\"  ><a href='https:\/\/bms-buchhaltung.net\/index.php\/news\/' title='Wertschecks' >Wertschecks<\/a><\/h3><\/header><div class='iconbox_content_container  '  itemprop=\"text\"  ><p style=\"text-align: center;\">Abrechnung und Einreichung der angenommenen Wertschecks (Edenred, Sodexho).<\/p>\n<\/div><\/div><footer class=\"entry-footer\"><\/footer><\/article><\/div><\/div><\/div><\/div><!-- close content main div --><\/div><\/div><div id='after_section_2' class='main_color av_default_container_wrap container_wrap sidebar_right'   ><div class='container' ><div class='template-page content  av-content-small alpha units'><div class='post-entry post-entry-type-page post-entry-367'><div class='entry-content-wrapper clearfix'><\/div><\/div><\/div><!-- close content main div --><\/div><\/div><div id='av-layout-grid-1' class='av-layout-grid-container entry-content-wrapper main_color av-flex-cells     container_wrap sidebar_right'   >\n<div class=\"flex_cell no_margin av_one_fifth    \" style='vertical-align:top; padding:30px; '><div class='flex_cell_inner' ><\/div><\/div><div class=\"flex_cell no_margin av_three_fifth    \" style='vertical-align:top; padding:30px; '><div class='flex_cell_inner' ><p><div style='padding-bottom:10px; ' class='av-special-heading av-special-heading-h2  blockquote modern-quote modern-centered  '><div class ='av-subheading av-subheading_above  ' style='font-size:15px;'><p>noch nicht \u00fcberzeugt?<\/p>\n<\/div><h2 class='av-special-heading-tag '  itemprop=\"headline\"  >Hier noch einige Vorteile<\/h2><div class='special-heading-border'><div class='special-heading-inner-border' ><\/div><\/div><\/div><br \/>\n<section class=\"av_textblock_section \"  itemscope=\"itemscope\" itemtype=\"https:\/\/schema.org\/CreativeWork\" ><div class='avia_textblock  '  style='font-size:16px; '  itemprop=\"text\" ><p style=\"text-align: center;\">So wie Sie geben wir uns auch nicht mehr dem Durchschnitt zufrieden. Deshalb sind wir darauf fokussiert, den Standard immer neu zu definieren und auf konstant hohem Niveau zu halten.<\/p>\n<\/div><\/section><\/p>\n<\/div><\/div><div class=\"flex_cell no_margin av_one_fifth    \" style='vertical-align:top; padding:30px; '><div class='flex_cell_inner' ><\/div><\/div>\n<\/div><\/p>\n<\/div><\/div><\/div><!-- close content main div --><\/div><\/div><div id='av-layout-grid-2' class='av-layout-grid-container entry-content-wrapper main_color av-flex-cells    container_wrap sidebar_right'   >\n<div class=\"flex_cell no_margin av_one_third    \" style='vertical-align:middle; padding:30px 0px 30px 30px ; '><div class='flex_cell_inner' ><p><article class=\"iconbox iconbox_right_content    av-icon-style-no-border\"  itemscope=\"itemscope\" itemtype=\"https:\/\/schema.org\/CreativeWork\" ><div class=\"iconbox_icon heading-color \" aria-hidden='true' data-av_icon='\ue802' data-av_iconfont='icons-bms-buchhaltung'  style='color:#2eabdd; ' ><\/div><div class=\"iconbox_content\"><header class=\"entry-content-header\"><h3 class='iconbox_content_title '  itemprop=\"headline\"  >Kostenpauschale<\/h3><\/header><div class='iconbox_content_container  '  itemprop=\"text\"  ><p>Keine Extrakosten. Die Fibu-Pauschale deckt alles ab und gibt Kostentransparenz.<\/p>\n<\/div><\/div><footer class=\"entry-footer\"><\/footer><\/article><br \/>\n<div style='height:20px' class='hr hr-invisible   '><span class='hr-inner ' ><span class='hr-inner-style'><\/span><\/span><\/div><br \/>\n<article class=\"iconbox iconbox_right_content    av-icon-style-no-border\"  itemscope=\"itemscope\" itemtype=\"https:\/\/schema.org\/CreativeWork\" ><a href='https:\/\/bms-buchhaltung.net\/index.php\/lfd-finanzbuchhaltung\/' title='Budgetierung'  class=\"iconbox_icon heading-color \" aria-hidden='true' data-av_icon='\ue801' data-av_iconfont='icons-bms-buchhaltung'  style='color:#2eabdd; ' ><\/a><div class=\"iconbox_content\"><header class=\"entry-content-header\"><h3 class='iconbox_content_title '  itemprop=\"headline\"  ><a href='https:\/\/bms-buchhaltung.net\/index.php\/lfd-finanzbuchhaltung\/' title='Budgetierung' >Budgetierung<\/a><\/h3><\/header><div class='iconbox_content_container  '  itemprop=\"text\"  ><p>Das Profit and Loss Statement (P+L) kann mit Planzahlen erstellt werden.<\/p>\n<\/div><\/div><footer class=\"entry-footer\"><\/footer><\/article><br \/>\n<div style='height:20px' class='hr hr-invisible   '><span class='hr-inner ' ><span class='hr-inner-style'><\/span><\/span><\/div><br \/>\n<article class=\"iconbox iconbox_right_content    av-icon-style-no-border\"  itemscope=\"itemscope\" itemtype=\"https:\/\/schema.org\/CreativeWork\" ><div class=\"iconbox_icon heading-color \" aria-hidden='true' data-av_icon='\ue808' data-av_iconfont='icons-bms-buchhaltung'  style='color:#2eabdd; ' ><\/div><div class=\"iconbox_content\"><header class=\"entry-content-header\"><h3 class='iconbox_content_title '  itemprop=\"headline\"  >Unternehmens-portal<\/h3><\/header><div class='iconbox_content_container  '  itemprop=\"text\"  ><p>Alle Auswertungen stehen auf Wunsch auch digital zur Verf\u00fcgung. Die Speicherung der Daten erfolgt auf Servern in Deutschland<\/p>\n<\/div><\/div><footer class=\"entry-footer\"><\/footer><\/article><\/p>\n<\/div><\/div><div class=\"flex_cell no_margin av_one_third    av-zero-padding \" style='vertical-align:bottom; padding:0; '><div class='flex_cell_inner' ><div class='avia-image-container avia_animated_image avia_animate_when_almost_visible bottom-to-top av-styling-no-styling     avia-align-center '  itemprop=\"ImageObject\" itemscope=\"itemscope\" itemtype=\"https:\/\/schema.org\/ImageObject\"  ><div class='avia-image-container-inner'><div class='avia-image-overlay-wrap'><img class='avia_image ' src='https:\/\/bms-buchhaltung.net\/wp-content\/uploads\/2014\/08\/phone_large_cutoff.png' alt='' title='phone_large_cutoff' height=\"563\"width=\"400\"  itemprop=\"thumbnailUrl\"  \/><\/div><\/div><\/div>\n<\/div><\/div><div class=\"flex_cell no_margin av_one_third    \" style='vertical-align:middle; padding:30px 30px 30px 0 ; '><div class='flex_cell_inner' ><p><article class=\"iconbox iconbox_left_content    av-icon-style-no-border\"  itemscope=\"itemscope\" itemtype=\"https:\/\/schema.org\/CreativeWork\" ><div class=\"iconbox_icon heading-color \" aria-hidden='true' data-av_icon='\ue804' data-av_iconfont='icons-bms-buchhaltung'  style='color:#2eabdd; ' ><\/div><div class=\"iconbox_content\"><header class=\"entry-content-header\"><h3 class='iconbox_content_title '  itemprop=\"headline\"  >LGO<\/h3><\/header><div class='iconbox_content_container  '  itemprop=\"text\"  ><p>Lohn- und Gehaltsdokumente online. Der Mitarbeiter hat seine Abrechnung, LSt-Bescheinigungen und SV-Meldungen immer dabei.<\/p>\n<\/div><\/div><footer class=\"entry-footer\"><\/footer><\/article><br \/>\n<div style='height:20px' class='hr hr-invisible   '><span class='hr-inner ' ><span class='hr-inner-style'><\/span><\/span><\/div><br \/>\n<article class=\"iconbox iconbox_left_content    av-icon-style-no-border\"  itemscope=\"itemscope\" itemtype=\"https:\/\/schema.org\/CreativeWork\" ><a href='https:\/\/bms-buchhaltung.net\/index.php\/lfd-lohnbuchhaltung\/' title='Sofortmeldung'  class=\"iconbox_icon heading-color \" aria-hidden='true' data-av_icon='\ue807' data-av_iconfont='icons-bms-buchhaltung'  style='color:#2eabdd; ' ><\/a><div class=\"iconbox_content\"><header class=\"entry-content-header\"><h3 class='iconbox_content_title '  itemprop=\"headline\"  ><a href='https:\/\/bms-buchhaltung.net\/index.php\/lfd-lohnbuchhaltung\/' title='Sofortmeldung' >Sofortmeldung<\/a><\/h3><\/header><div class='iconbox_content_container  '  itemprop=\"text\"  ><p>F\u00fcr die Gastronomie Pflicht. Wir erstellen und versenden die Sofortmeldung umgehend und sch\u00fctzen Sie vor b\u00f6sen \u00dcberraschungen bei \u00dcberpr\u00fcfungen durch Beh\u00f6rden.<\/p>\n<\/div><\/div><footer class=\"entry-footer\"><\/footer><\/article><br \/>\n<div style='height:20px' class='hr hr-invisible   '><span class='hr-inner ' ><span class='hr-inner-style'><\/span><\/span><\/div><br \/>\n<article class=\"iconbox iconbox_left_content    av-icon-style-no-border\"  itemscope=\"itemscope\" itemtype=\"https:\/\/schema.org\/CreativeWork\" ><div class=\"iconbox_icon heading-color \" aria-hidden='true' data-av_icon='\ue806' data-av_iconfont='icons-bms-buchhaltung'  style='color:#2eabdd; ' ><\/div><div class=\"iconbox_content\"><header class=\"entry-content-header\"><h3 class='iconbox_content_title '  itemprop=\"headline\"  >Up to date<\/h3><\/header><div class='iconbox_content_container  '  itemprop=\"text\"  ><p>Ob \u00c4nderungen im Tarifvertrag oder neue Richtlininen. Wir sind stets aktuell Informiert und setzen externe oder interne Vorgaben sofort um.<\/p>\n<\/div><\/div><footer class=\"entry-footer\"><\/footer><\/article><\/p>\n<\/div><\/div>\n<\/div>\n<\/div><\/div><\/div><!-- close content main div --><\/div><\/div><div id='av-layout-grid-3' class='av-layout-grid-container entry-content-wrapper main_color av-flex-cells    container_wrap sidebar_right'   >\n<div class=\"flex_cell no_margin av_one_half   \" style='background: #ddeaf0; vertical-align:middle; padding:60px; background-color:#ddeaf0; '><div class='flex_cell_inner' ><p><div style='padding-bottom:10px; ' class='av-special-heading av-special-heading-h2  blockquote modern-quote modern-centered  '><div class ='av-subheading av-subheading_above  ' style='font-size:15px;'><p>Warum wechseln?<\/p>\n<\/div><h2 class='av-special-heading-tag '  itemprop=\"headline\"  >Ihr Nutzen aus der Zusammenarbeit<\/h2><div class='special-heading-border'><div class='special-heading-inner-border' ><\/div><\/div><\/div><br \/>\n<section class=\"av_textblock_section \"  itemscope=\"itemscope\" itemtype=\"https:\/\/schema.org\/CreativeWork\" ><div class='avia_textblock  '  style='font-size:16px; '  itemprop=\"text\" ><p style=\"text-align: center;\">Sie erhalten einen erfahrenen Dienstleister, der \u00fcber mehrere Jahrzehnte Erfahrung im Bereich der laufenden Lohn- und Finanzbuchhaltung verf\u00fcgt und diese f\u00fcr Ihr Unternehmen einsetzt.<\/p>\n<\/div><\/section><\/p>\n<\/div><\/div><div class=\"flex_cell no_margin av_one_half   \" style='background: #ddeaf0; vertical-align:middle; padding:60px; background-color:#ddeaf0; '><div class='flex_cell_inner' ><p><div style='padding-bottom:10px; ' class='av-special-heading av-special-heading-h2  blockquote modern-quote modern-centered  '><div class ='av-subheading av-subheading_above  ' style='font-size:15px;'><p>Win-Win-Situation<\/p>\n<\/div><h2 class='av-special-heading-tag '  itemprop=\"headline\"  >Wie Ihr Umfeld profitiert<\/h2><div class='special-heading-border'><div class='special-heading-inner-border' ><\/div><\/div><\/div><br \/>\n<section class=\"av_textblock_section \"  itemscope=\"itemscope\" itemtype=\"https:\/\/schema.org\/CreativeWork\" ><div class='avia_textblock  '  style='font-size:16px; '  itemprop=\"text\" ><p style=\"text-align: center;\">An den Unternehmer werden hohe Anforderungen gestellt. Die Mitarbeiter m\u00f6chten schnell ihre Abrechnung erhalten. An das Finanzamt muss die Lohnsteuer p\u00fcnktlich gemeldet werden und die Krankenkasse ben\u00f6tigt Betr\u00e4ge und Meldungen der Versicherten.<\/p>\n<p style=\"text-align: center;\">Damit diese Anforderungen jeden Monat erf\u00fcllt werden, sind wir als gewissenhafter Partner jederzeit damit besch\u00e4ftigt und unterst\u00fctzen Sie bei der Umsetzung.<\/p>\n<\/div><\/section><\/p>\n<\/div><\/div>\n<\/div>\n","protected":false},"excerpt":{"rendered":"","protected":false},"author":1,"featured_media":0,"parent":0,"menu_order":0,"comment_status":"open","ping_status":"open","template":"","meta":{"inline_featured_image":false,"footnotes":""},"class_list":["post-367","page","type-page","status-publish","hentry"],"yoast_head":"<!-- This site is optimized with the Yoast SEO plugin v27.5 - https:\/\/yoast.com\/product\/yoast-seo-wordpress\/ -->\n<title>L\u00f6sungen - BMS GmbH &amp; Co. KG<\/title>\n<meta name=\"description\" content=\"Unsere Leistungen umfassen die lfd. Lohnbuchhaltung, die lfd. Finanzbuchhaltung, Wertscheck-Abrechnung und den Zahlungsverkehr\" \/>\n<meta name=\"robots\" content=\"index, follow, max-snippet:-1, max-image-preview:large, max-video-preview:-1\" \/>\n<link rel=\"canonical\" href=\"https:\/\/bms-buchhaltung.net\/index.php\/loesungen\/\" \/>\n<meta property=\"og:locale\" content=\"de_DE\" \/>\n<meta property=\"og:type\" content=\"article\" \/>\n<meta property=\"og:title\" content=\"L\u00f6sungen - BMS GmbH &amp; Co. KG\" \/>\n<meta property=\"og:description\" content=\"Unsere Leistungen umfassen die lfd. Lohnbuchhaltung, die lfd. Finanzbuchhaltung, Wertscheck-Abrechnung und den Zahlungsverkehr\" \/>\n<meta property=\"og:url\" content=\"https:\/\/bms-buchhaltung.net\/index.php\/loesungen\/\" \/>\n<meta property=\"og:site_name\" content=\"BMS GmbH &amp; Co. KG\" \/>\n<meta property=\"article:modified_time\" content=\"2022-05-13T11:29:27+00:00\" \/>\n<meta name=\"twitter:card\" content=\"summary_large_image\" \/>\n<meta name=\"twitter:site\" content=\"@BMSGmbH\" \/>\n<meta name=\"twitter:label1\" content=\"Gesch\u00e4tzte Lesezeit\" \/>\n\t<meta name=\"twitter:data1\" content=\"6\u00a0Minuten\" \/>\n<script type=\"application\/ld+json\" class=\"yoast-schema-graph\">{\"@context\":\"https:\\\/\\\/schema.org\",\"@graph\":[{\"@type\":\"WebPage\",\"@id\":\"https:\\\/\\\/bms-buchhaltung.net\\\/index.php\\\/loesungen\\\/\",\"url\":\"https:\\\/\\\/bms-buchhaltung.net\\\/index.php\\\/loesungen\\\/\",\"name\":\"L\u00f6sungen - BMS GmbH &amp; Co. KG\",\"isPartOf\":{\"@id\":\"https:\\\/\\\/bms-buchhaltung.net\\\/#website\"},\"datePublished\":\"2014-09-13T17:30:30+00:00\",\"dateModified\":\"2022-05-13T11:29:27+00:00\",\"description\":\"Unsere Leistungen umfassen die lfd. Lohnbuchhaltung, die lfd. Finanzbuchhaltung, Wertscheck-Abrechnung und den Zahlungsverkehr\",\"breadcrumb\":{\"@id\":\"https:\\\/\\\/bms-buchhaltung.net\\\/index.php\\\/loesungen\\\/#breadcrumb\"},\"inLanguage\":\"de\",\"potentialAction\":[{\"@type\":\"ReadAction\",\"target\":[\"https:\\\/\\\/bms-buchhaltung.net\\\/index.php\\\/loesungen\\\/\"]}]},{\"@type\":\"BreadcrumbList\",\"@id\":\"https:\\\/\\\/bms-buchhaltung.net\\\/index.php\\\/loesungen\\\/#breadcrumb\",\"itemListElement\":[{\"@type\":\"ListItem\",\"position\":1,\"name\":\"Startseite\",\"item\":\"https:\\\/\\\/bms-buchhaltung.net\\\/index.php\\\/home\\\/\"},{\"@type\":\"ListItem\",\"position\":2,\"name\":\"L\u00f6sungen\"}]},{\"@type\":\"WebSite\",\"@id\":\"https:\\\/\\\/bms-buchhaltung.net\\\/#website\",\"url\":\"https:\\\/\\\/bms-buchhaltung.net\\\/\",\"name\":\"BMS GmbH &amp; Co. KG\",\"description\":\"lfd. Lohnbuchhaltung, Buchen lfd. Gesch\u00e4ftsvorf\u00e4ll e\",\"potentialAction\":[{\"@type\":\"SearchAction\",\"target\":{\"@type\":\"EntryPoint\",\"urlTemplate\":\"https:\\\/\\\/bms-buchhaltung.net\\\/?s={search_term_string}\"},\"query-input\":{\"@type\":\"PropertyValueSpecification\",\"valueRequired\":true,\"valueName\":\"search_term_string\"}}],\"inLanguage\":\"de\"}]}<\/script>\n<!-- \/ Yoast SEO plugin. -->","yoast_head_json":{"title":"L\u00f6sungen - BMS GmbH &amp; Co. KG","description":"Unsere Leistungen umfassen die lfd. Lohnbuchhaltung, die lfd. Finanzbuchhaltung, Wertscheck-Abrechnung und den Zahlungsverkehr","robots":{"index":"index","follow":"follow","max-snippet":"max-snippet:-1","max-image-preview":"max-image-preview:large","max-video-preview":"max-video-preview:-1"},"canonical":"https:\/\/bms-buchhaltung.net\/index.php\/loesungen\/","og_locale":"de_DE","og_type":"article","og_title":"L\u00f6sungen - BMS GmbH &amp; Co. KG","og_description":"Unsere Leistungen umfassen die lfd. Lohnbuchhaltung, die lfd. Finanzbuchhaltung, Wertscheck-Abrechnung und den Zahlungsverkehr","og_url":"https:\/\/bms-buchhaltung.net\/index.php\/loesungen\/","og_site_name":"BMS GmbH &amp; Co. KG","article_modified_time":"2022-05-13T11:29:27+00:00","twitter_card":"summary_large_image","twitter_site":"@BMSGmbH","twitter_misc":{"Gesch\u00e4tzte Lesezeit":"6\u00a0Minuten"},"schema":{"@context":"https:\/\/schema.org","@graph":[{"@type":"WebPage","@id":"https:\/\/bms-buchhaltung.net\/index.php\/loesungen\/","url":"https:\/\/bms-buchhaltung.net\/index.php\/loesungen\/","name":"L\u00f6sungen - BMS GmbH &amp; Co. KG","isPartOf":{"@id":"https:\/\/bms-buchhaltung.net\/#website"},"datePublished":"2014-09-13T17:30:30+00:00","dateModified":"2022-05-13T11:29:27+00:00","description":"Unsere Leistungen umfassen die lfd. Lohnbuchhaltung, die lfd. Finanzbuchhaltung, Wertscheck-Abrechnung und den Zahlungsverkehr","breadcrumb":{"@id":"https:\/\/bms-buchhaltung.net\/index.php\/loesungen\/#breadcrumb"},"inLanguage":"de","potentialAction":[{"@type":"ReadAction","target":["https:\/\/bms-buchhaltung.net\/index.php\/loesungen\/"]}]},{"@type":"BreadcrumbList","@id":"https:\/\/bms-buchhaltung.net\/index.php\/loesungen\/#breadcrumb","itemListElement":[{"@type":"ListItem","position":1,"name":"Startseite","item":"https:\/\/bms-buchhaltung.net\/index.php\/home\/"},{"@type":"ListItem","position":2,"name":"L\u00f6sungen"}]},{"@type":"WebSite","@id":"https:\/\/bms-buchhaltung.net\/#website","url":"https:\/\/bms-buchhaltung.net\/","name":"BMS GmbH &amp; Co. KG","description":"lfd. Lohnbuchhaltung, Buchen lfd. Gesch\u00e4ftsvorf\u00e4ll e","potentialAction":[{"@type":"SearchAction","target":{"@type":"EntryPoint","urlTemplate":"https:\/\/bms-buchhaltung.net\/?s={search_term_string}"},"query-input":{"@type":"PropertyValueSpecification","valueRequired":true,"valueName":"search_term_string"}}],"inLanguage":"de"}]}},"_links":{"self":[{"href":"https:\/\/bms-buchhaltung.net\/index.php\/wp-json\/wp\/v2\/pages\/367","targetHints":{"allow":["GET"]}}],"collection":[{"href":"https:\/\/bms-buchhaltung.net\/index.php\/wp-json\/wp\/v2\/pages"}],"about":[{"href":"https:\/\/bms-buchhaltung.net\/index.php\/wp-json\/wp\/v2\/types\/page"}],"author":[{"embeddable":true,"href":"https:\/\/bms-buchhaltung.net\/index.php\/wp-json\/wp\/v2\/users\/1"}],"replies":[{"embeddable":true,"href":"https:\/\/bms-buchhaltung.net\/index.php\/wp-json\/wp\/v2\/comments?post=367"}],"version-history":[{"count":57,"href":"https:\/\/bms-buchhaltung.net\/index.php\/wp-json\/wp\/v2\/pages\/367\/revisions"}],"predecessor-version":[{"id":2279,"href":"https:\/\/bms-buchhaltung.net\/index.php\/wp-json\/wp\/v2\/pages\/367\/revisions\/2279"}],"wp:attachment":[{"href":"https:\/\/bms-buchhaltung.net\/index.php\/wp-json\/wp\/v2\/media?parent=367"}],"curies":[{"name":"wp","href":"https:\/\/api.w.org\/{rel}","templated":true}]}}