{"id":786,"date":"2019-03-13T15:02:20","date_gmt":"2019-03-13T14:02:20","guid":{"rendered":"https:\/\/bms-buchhaltung.net\/index.php\/jobs\/"},"modified":"2022-05-16T11:42:26","modified_gmt":"2022-05-16T09:42:26","slug":"jobs","status":"publish","type":"page","link":"https:\/\/bms-buchhaltung.net\/index.php\/jobs\/","title":{"rendered":"Karriere"},"content":{"rendered":"<\/div><\/div><\/div><!-- close content main div --><\/div><\/div><div id='av_section_1' class='avia-section main_color avia-section-default avia-no-border-styling avia-bg-style-scroll   av-minimum-height av-minimum-height-custom container_wrap sidebar_right' style = 'background-repeat: no-repeat; background-image: url(https:\/\/bms-buchhaltung.net\/wp-content\/uploads\/2022\/05\/team.svg);background-attachment: scroll; background-position: bottom left; ' data-section-bg-repeat='no-repeat' ><div class='container' style='height:430px'><div class='template-page content  av-content-small alpha units'><div class='post-entry post-entry-type-page post-entry-786'><div class='entry-content-wrapper clearfix'><\/div><\/div><\/div><!-- close content main div --><\/div><\/div><div id='after_section_1' class='main_color av_default_container_wrap container_wrap sidebar_right'   ><div class='container' ><div class='template-page content  av-content-small alpha units'><div class='post-entry post-entry-type-page post-entry-786'><div class='entry-content-wrapper clearfix'>\n<div style='padding-bottom:10px; margin-bottom:30px; color:#2eabdd;font-size:65px;' class='av-special-heading av-special-heading-h1 custom-color-heading blockquote modern-quote   av-inherit-size '><h1 class='av-special-heading-tag '  itemprop=\"headline\"  >Karriere bei BMS<\/h1><div class='special-heading-border'><div class='special-heading-inner-border' style='border-color:#2eabdd'><\/div><\/div><\/div>\n<div class=\"flex_column av_two_third  flex_column_div av-zero-column-padding first  \" style='border-radius:0px; '><p><section class=\"av_textblock_section \"  itemscope=\"itemscope\" itemtype=\"https:\/\/schema.org\/CreativeWork\" ><div class='avia_textblock  '   itemprop=\"text\" ><p>Wir suchen Sie als Teil unseres motivierten Teams. Es erwarten Sie abwechslungsreiche und vielf\u00e4ltige Aufgaben in unserem Buchhaltungsb\u00fcro in Horn-Bad Meinberg. Wir erstellen monatlich f\u00fcr ca. 5000 Mitarbeiter die Lohnabrechnungen und bearbeiten f\u00fcr 40 Betriebe die laufende Finanzbuchhaltung.<\/p>\n<p>Neue Herausforderung gesucht? Schauen Sie sich unsere aktuellen Stellenangebote an:<\/p>\n<\/div><\/section><br \/>\n<div class=\"togglecontainer   toggle_close_all \" >\n<section class=\"av_toggle_section\"  itemscope=\"itemscope\" itemtype=\"https:\/\/schema.org\/CreativeWork\"  >    <div class=\"single_toggle\" data-tags=\"{Alle} \"  >        <p data-fake-id=\"#toggle-id-1\" class=\"toggler \"  itemprop=\"headline\"  >Lohnbuchhalter\/in<span class=\"toggle_icon\" >        <span class=\"vert_icon\"><\/span><span class=\"hor_icon\"><\/span><\/span><\/p>        <div id=\"toggle-id-1-container\" class=\"toggle_wrap \"  >            <div class=\"toggle_content invers-color \"  itemprop=\"text\"   ><p>Als erfolgreiches Buchhaltungsb\u00fcro erstellen wir monatlich f\u00fcr ca. 5000 Mitarbeiter die Lohnabrechnungen und bearbeiten f\u00fcr 40 Betriebe die laufende Finanzbuchhaltung.<\/p>\n<p>Zur Verst\u00e4rkung unseres Teams suchen wir Sie!<\/p>\n<p><strong><br \/>\nIhre Aufgaben:<\/strong><\/p>\n<p>Lfd. Lohnbuchhaltung: Erstellung der monatlichen Lohn- und Gehaltsabrechnungen inkl. aller steuerlichen und sozialversicherungsrechtlichen Meldungen und Korrespondenz, nach erfolgreicher Einarbeitung.<\/p>\n<p><strong><br \/>\nIhre F\u00e4higkeiten und Kenntnisse<\/strong><\/p>\n<p>&#8211; Abgeschlossene kaufm\u00e4nnische Ausbildung<\/p>\n<p>&#8211; Berufserfahrung in der Buchhaltung w\u00fcnschenswert<\/p>\n<p>&#8211; gute Kenntnisse mit den MS-Office Programmen, insbesondere Excel<\/p>\n<p>&#8211; zuverl\u00e4ssige, selbst\u00e4ndige und genaue Arbeitsweise<\/p>\n<p>&#8211; Identifizierung mit Ihrer Aufgabe<\/p>\n<p>&#8211; Diskretion im Umgang mit vertraulichen Daten<\/p>\n<p><strong><br \/>\nUnser Angebot<\/strong><\/p>\n<p>&#8211; eine interessante, verantwortungsvolle und vielseitige Aufgabe mit langfristiger Perspektive und einer attraktiven, leistungsbezogenen Verg\u00fctung in einem angenehmen Arbeitsumfeld.<\/p>\n<p>Wir freuen uns auf Ihre Bewerbung mit vollst\u00e4ndigen Bewerbungsunterlagen (Lebenslauf, Zeugnisse), sowie Angabe Ihrer Gehaltsvorstellung.<\/p>\n            <\/div>        <\/div>    <\/div><\/section>\n<section class=\"av_toggle_section\"  itemscope=\"itemscope\" itemtype=\"https:\/\/schema.org\/CreativeWork\"  >    <div class=\"single_toggle\" data-tags=\"{Alle} \"  >        <p data-fake-id=\"#toggle-id-2\" class=\"toggler \"  itemprop=\"headline\"  >Steuerfachangestelle\/r<span class=\"toggle_icon\" >        <span class=\"vert_icon\"><\/span><span class=\"hor_icon\"><\/span><\/span><\/p>        <div id=\"toggle-id-2-container\" class=\"toggle_wrap \"  >            <div class=\"toggle_content invers-color \"  itemprop=\"text\"   ><p>Als erfolgreiches Buchhaltungsb\u00fcro erstellen wir monatlich f\u00fcr ca. 5000 Mitarbeiter die Lohnabrechnungen und bearbeiten f\u00fcr 40 Betriebe die laufende Finanzbuchhaltung.<\/p>\n<p>Zur Verst\u00e4rkung unseres Teams suchen wir Sie!<\/p>\n<p><strong><br \/>\nIhre Aufgaben:<\/strong><\/p>\n<p>Lfd. Lohnbuchhaltung: Erstellung der monatlichen Lohn- und Gehaltsabrechnungen inkl. aller steuerlichen und sozialversicherungsrechtlichen Meldungen und Korrespondenz<\/p>\n<p>Lfd. Finanzbuchhaltung: Kontieren und Buchen von Kreditoren, Debitoren, Bank, Kasse, Erstellen von monatlichen Meldungen und Auswertungen<\/p>\n<p><strong><br \/>\nIhre F\u00e4higkeiten und Kenntnisse<\/strong><\/p>\n<p>&#8211; Abgeschlossene kaufm\u00e4nnische Ausbildung; idealerweise Steuerfachangestellte\/r<\/p>\n<p>&#8211; Mehrj\u00e4hrige Berufserfahrung in der Buchhaltung<\/p>\n<p>&#8211; sehr gute buchhalterische sowie steuerliche und sozialversicherungsrechtliche Kenntnisse<\/p>\n<p>&#8211; sehr gute Kenntnisse mit den MS-Office Programmen, insbesondere Excel<\/p>\n<p>&#8211; DATEV-Kenntnisse w\u00fcnschenswert<\/p>\n<p>&#8211; zuverl\u00e4ssige, selbst\u00e4ndige und genaue Arbeitsweise<\/p>\n<p>&#8211; Identifizierung mit Ihrer Aufgabe<\/p>\n<p>&#8211; sehr gutes Zahlenverst\u00e4ndnis<\/p>\n<p>&#8211; Diskretion im Umgang mit vertraulichen Daten<\/p>\n<p><strong><br \/>\nUnser Angebot<\/strong><\/p>\n<p>&#8211; eine interessante, verantwortungsvolle und vielseitige Aufgabe mit langfristiger Perspektive und einer attraktiven, leistungsbezogenen Verg\u00fctung in einem angenehmen Arbeitsumfeld.<\/p>\n<p>Wir freuen uns auf Ihre Bewerbung mit vollst\u00e4ndigen Bewerbungsunterlagen (Foto, Lebenslauf, Zeugnisse), sowie Angabe Ihrer Gehaltsvorstellung.<\/p>\n            <\/div>        <\/div>    <\/div><\/section>\n<section class=\"av_toggle_section\"  itemscope=\"itemscope\" itemtype=\"https:\/\/schema.org\/CreativeWork\"  >    <div class=\"single_toggle\" data-tags=\"{Alle} \"  >        <p data-fake-id=\"#toggle-id-3\" class=\"toggler \"  itemprop=\"headline\"  >Buchhalter\/in<span class=\"toggle_icon\" >        <span class=\"vert_icon\"><\/span><span class=\"hor_icon\"><\/span><\/span><\/p>        <div id=\"toggle-id-3-container\" class=\"toggle_wrap \"  >            <div class=\"toggle_content invers-color \"  itemprop=\"text\"   ><p>Als erfolgreiches Buchhaltungsb\u00fcro erstellen wir monatlich f\u00fcr ca. 5000 Mitarbeiter die Lohnabrechnungen und bearbeiten f\u00fcr 40 Betriebe die laufende Finanzbuchhaltung.<\/p>\n<p>Zur Verst\u00e4rkung unseres Teams suchen wir Sie!<\/p>\n<p><strong><br \/>\nIhre Aufgaben:<\/strong><\/p>\n<p>Lfd. Lohnbuchhaltung: Erstellung der monatlichen Lohn- und Gehaltsabrechnungen inkl. aller steuerlichen und sozialversicherungsrechtlichen Meldungen und Korrespondenz<\/p>\n<p>Lfd. Finanzbuchhaltung: Kontieren und Buchen von Kreditoren, Debitoren, Bank, Kasse, Erstellen von monatlichen Meldungen und Auswertungen<\/p>\n<p><strong><br \/>\nIhre F\u00e4higkeiten und Kenntnisse<\/strong><\/p>\n<p>&#8211; abgeschlossene kaufm\u00e4nnische Ausbildung; idealerweise Steuerfachangestellte\/r<\/p>\n<p>&#8211; mehrj\u00e4hrige Berufserfahrung in der Buchhaltung<\/p>\n<p>&#8211; gute buchhalterische sowie steuerliche und sozialversicherungsrechtliche Kenntnisse<\/p>\n<p>&#8211; gute Kenntnisse mit den MS-Office Programmen, insbesondere Excel<\/p>\n<p>&#8211; zuverl\u00e4ssige, selbstst\u00e4ndige und genaue Arbeitsweise<\/p>\n<p>&#8211; Identifizierung mit Ihrer Aufgabe<\/p>\n<p>&#8211; gutes Zahlenverst\u00e4ndnis<\/p>\n<p>&#8211; Diskretion im Umgang mit vertraulichen Daten<\/p>\n<p><strong><br \/>\nUnser Angebot<\/strong><\/p>\n<p>&#8211; eine interessante, verantwortungsvolle und vielseitige Aufgabe mit langfristiger Perspektive und einer attraktiven, leistungsbezogenen Verg\u00fctung in einem angenehmen Arbeitsumfeld.<\/p>\n<p>Wir freuen uns auf Ihre Bewerbung mit vollst\u00e4ndigen Bewerbungsunterlagen (Foto, Lebenslauf, Zeugnisse), sowie Angabe Ihrer Gehaltsvorstellung.<\/p>\n            <\/div>        <\/div>    <\/div><\/section>\n<section class=\"av_toggle_section\"  itemscope=\"itemscope\" itemtype=\"https:\/\/schema.org\/CreativeWork\"  >    <div class=\"single_toggle\" data-tags=\"{Alle} \"  >        <p data-fake-id=\"#toggle-id-4\" class=\"toggler \"  itemprop=\"headline\"  >Kaufmann\/-frau f\u00fcr B\u00fcromanagement (Ausbildung)<span class=\"toggle_icon\" >        <span class=\"vert_icon\"><\/span><span class=\"hor_icon\"><\/span><\/span><\/p>        <div id=\"toggle-id-4-container\" class=\"toggle_wrap \"  >            <div class=\"toggle_content invers-color \"  itemprop=\"text\"   ><p><strong>Wir suchen:<\/strong><\/p>\n<p>eine(n) motivierte(n) Auszubildende(n) f\u00fcr den Ausbildungsberuf Kaufmann\/-frau f\u00fcr B\u00fcromanagement zum 01.08.2023.<\/p>\n<p><strong>Wir bieten:<\/strong><\/p>\n<p>&#8211; eine qualifizierte und praxisorientierte kaufm\u00e4nnische Ausbildung mit dem Schwerpunkt laufende Lohn- und Finanzbuchhaltung<\/p>\n<p>&#8211; eine abwechslungsreiche Ausbildung in einem engagierten Team und einem interessanten Aufgabengebiet.<\/p>\n<p><strong>Wir erwarten:<\/strong><\/p>\n<p>&#8211; Abschluss min. einer Fachoberschulreife oder h\u00f6heren Handelsschule mit guten Leistungen insbesondere in BWL mit Rechnungswesen, Deutsch und Mathematik,<\/p>\n<p>&#8211; Interesse an kaufm\u00e4nnischen Zusammenh\u00e4ngen und Freude an B\u00fcrot\u00e4tigkeiten,<\/p>\n<p>&#8211; erste Erfahrungen und Spa\u00df an der Arbeit mit dem PC (MS Office-Anwendungen),<\/p>\n<p>&#8211; gutes Ausdrucksverm\u00f6gen in Wort und Schrift,<\/p>\n<p>&#8211; Lernbereitschaft, Zuverl\u00e4ssigkeit, Verantwortungsbewusstsein und Organisationstalent<\/p>\n            <\/div>        <\/div>    <\/div><\/section>\n<\/div><\/p><\/div>\n","protected":false},"excerpt":{"rendered":"","protected":false},"author":1,"featured_media":0,"parent":0,"menu_order":0,"comment_status":"closed","ping_status":"closed","template":"","meta":{"inline_featured_image":false,"footnotes":""},"class_list":["post-786","page","type-page","status-publish","hentry"],"yoast_head":"<!-- This site is optimized with the Yoast SEO plugin v27.5 - https:\/\/yoast.com\/product\/yoast-seo-wordpress\/ -->\n<title>Karriere - BMS GmbH &amp; Co. KG<\/title>\n<meta name=\"robots\" content=\"index, follow, max-snippet:-1, max-image-preview:large, max-video-preview:-1\" \/>\n<link rel=\"canonical\" href=\"https:\/\/bms-buchhaltung.net\/index.php\/jobs\/\" \/>\n<meta property=\"og:locale\" content=\"de_DE\" \/>\n<meta property=\"og:type\" content=\"article\" \/>\n<meta property=\"og:title\" content=\"Karriere - BMS GmbH &amp; Co. KG\" \/>\n<meta property=\"og:url\" content=\"https:\/\/bms-buchhaltung.net\/index.php\/jobs\/\" \/>\n<meta property=\"og:site_name\" content=\"BMS GmbH &amp; Co. KG\" \/>\n<meta property=\"article:modified_time\" content=\"2022-05-16T09:42:26+00:00\" \/>\n<meta name=\"twitter:card\" content=\"summary_large_image\" \/>\n<meta name=\"twitter:site\" content=\"@BMSGmbH\" \/>\n<meta name=\"twitter:label1\" content=\"Gesch\u00e4tzte Lesezeit\" \/>\n\t<meta name=\"twitter:data1\" content=\"5\u00a0Minuten\" \/>\n<script type=\"application\/ld+json\" class=\"yoast-schema-graph\">{\"@context\":\"https:\\\/\\\/schema.org\",\"@graph\":[{\"@type\":\"WebPage\",\"@id\":\"https:\\\/\\\/bms-buchhaltung.net\\\/index.php\\\/jobs\\\/\",\"url\":\"https:\\\/\\\/bms-buchhaltung.net\\\/index.php\\\/jobs\\\/\",\"name\":\"Karriere - BMS GmbH &amp; Co. KG\",\"isPartOf\":{\"@id\":\"https:\\\/\\\/bms-buchhaltung.net\\\/#website\"},\"datePublished\":\"2019-03-13T14:02:20+00:00\",\"dateModified\":\"2022-05-16T09:42:26+00:00\",\"breadcrumb\":{\"@id\":\"https:\\\/\\\/bms-buchhaltung.net\\\/index.php\\\/jobs\\\/#breadcrumb\"},\"inLanguage\":\"de\",\"potentialAction\":[{\"@type\":\"ReadAction\",\"target\":[\"https:\\\/\\\/bms-buchhaltung.net\\\/index.php\\\/jobs\\\/\"]}]},{\"@type\":\"BreadcrumbList\",\"@id\":\"https:\\\/\\\/bms-buchhaltung.net\\\/index.php\\\/jobs\\\/#breadcrumb\",\"itemListElement\":[{\"@type\":\"ListItem\",\"position\":1,\"name\":\"Startseite\",\"item\":\"https:\\\/\\\/bms-buchhaltung.net\\\/index.php\\\/home\\\/\"},{\"@type\":\"ListItem\",\"position\":2,\"name\":\"Karriere\"}]},{\"@type\":\"WebSite\",\"@id\":\"https:\\\/\\\/bms-buchhaltung.net\\\/#website\",\"url\":\"https:\\\/\\\/bms-buchhaltung.net\\\/\",\"name\":\"BMS GmbH &amp; Co. KG\",\"description\":\"lfd. Lohnbuchhaltung, Buchen lfd. Gesch\u00e4ftsvorf\u00e4ll e\",\"potentialAction\":[{\"@type\":\"SearchAction\",\"target\":{\"@type\":\"EntryPoint\",\"urlTemplate\":\"https:\\\/\\\/bms-buchhaltung.net\\\/?s={search_term_string}\"},\"query-input\":{\"@type\":\"PropertyValueSpecification\",\"valueRequired\":true,\"valueName\":\"search_term_string\"}}],\"inLanguage\":\"de\"}]}<\/script>\n<!-- \/ Yoast SEO plugin. -->","yoast_head_json":{"title":"Karriere - BMS GmbH &amp; Co. KG","robots":{"index":"index","follow":"follow","max-snippet":"max-snippet:-1","max-image-preview":"max-image-preview:large","max-video-preview":"max-video-preview:-1"},"canonical":"https:\/\/bms-buchhaltung.net\/index.php\/jobs\/","og_locale":"de_DE","og_type":"article","og_title":"Karriere - BMS GmbH &amp; Co. KG","og_url":"https:\/\/bms-buchhaltung.net\/index.php\/jobs\/","og_site_name":"BMS GmbH &amp; Co. KG","article_modified_time":"2022-05-16T09:42:26+00:00","twitter_card":"summary_large_image","twitter_site":"@BMSGmbH","twitter_misc":{"Gesch\u00e4tzte Lesezeit":"5\u00a0Minuten"},"schema":{"@context":"https:\/\/schema.org","@graph":[{"@type":"WebPage","@id":"https:\/\/bms-buchhaltung.net\/index.php\/jobs\/","url":"https:\/\/bms-buchhaltung.net\/index.php\/jobs\/","name":"Karriere - BMS GmbH &amp; Co. KG","isPartOf":{"@id":"https:\/\/bms-buchhaltung.net\/#website"},"datePublished":"2019-03-13T14:02:20+00:00","dateModified":"2022-05-16T09:42:26+00:00","breadcrumb":{"@id":"https:\/\/bms-buchhaltung.net\/index.php\/jobs\/#breadcrumb"},"inLanguage":"de","potentialAction":[{"@type":"ReadAction","target":["https:\/\/bms-buchhaltung.net\/index.php\/jobs\/"]}]},{"@type":"BreadcrumbList","@id":"https:\/\/bms-buchhaltung.net\/index.php\/jobs\/#breadcrumb","itemListElement":[{"@type":"ListItem","position":1,"name":"Startseite","item":"https:\/\/bms-buchhaltung.net\/index.php\/home\/"},{"@type":"ListItem","position":2,"name":"Karriere"}]},{"@type":"WebSite","@id":"https:\/\/bms-buchhaltung.net\/#website","url":"https:\/\/bms-buchhaltung.net\/","name":"BMS GmbH &amp; Co. KG","description":"lfd. Lohnbuchhaltung, Buchen lfd. Gesch\u00e4ftsvorf\u00e4ll e","potentialAction":[{"@type":"SearchAction","target":{"@type":"EntryPoint","urlTemplate":"https:\/\/bms-buchhaltung.net\/?s={search_term_string}"},"query-input":{"@type":"PropertyValueSpecification","valueRequired":true,"valueName":"search_term_string"}}],"inLanguage":"de"}]}},"_links":{"self":[{"href":"https:\/\/bms-buchhaltung.net\/index.php\/wp-json\/wp\/v2\/pages\/786","targetHints":{"allow":["GET"]}}],"collection":[{"href":"https:\/\/bms-buchhaltung.net\/index.php\/wp-json\/wp\/v2\/pages"}],"about":[{"href":"https:\/\/bms-buchhaltung.net\/index.php\/wp-json\/wp\/v2\/types\/page"}],"author":[{"embeddable":true,"href":"https:\/\/bms-buchhaltung.net\/index.php\/wp-json\/wp\/v2\/users\/1"}],"replies":[{"embeddable":true,"href":"https:\/\/bms-buchhaltung.net\/index.php\/wp-json\/wp\/v2\/comments?post=786"}],"version-history":[{"count":15,"href":"https:\/\/bms-buchhaltung.net\/index.php\/wp-json\/wp\/v2\/pages\/786\/revisions"}],"predecessor-version":[{"id":2219,"href":"https:\/\/bms-buchhaltung.net\/index.php\/wp-json\/wp\/v2\/pages\/786\/revisions\/2219"}],"wp:attachment":[{"href":"https:\/\/bms-buchhaltung.net\/index.php\/wp-json\/wp\/v2\/media?parent=786"}],"curies":[{"name":"wp","href":"https:\/\/api.w.org\/{rel}","templated":true}]}}