{"id":96,"date":"2016-05-17T23:39:30","date_gmt":"2016-05-17T21:39:30","guid":{"rendered":"http:\/\/bms-buchhaltung.de\/?page_id=96"},"modified":"2022-05-12T11:53:22","modified_gmt":"2022-05-12T09:53:22","slug":"lfd-lohnbuchhaltung","status":"publish","type":"page","link":"https:\/\/bms-buchhaltung.net\/index.php\/lfd-lohnbuchhaltung\/","title":{"rendered":"lfd. Lohnbuchhaltung"},"content":{"rendered":"<\/div><\/div><\/div><!-- close content main div --><\/div><\/div><div id='av_section_1' class='avia-section main_color avia-section-default avia-no-shadow avia-full-stretch avia-bg-style-scroll   av-minimum-height av-minimum-height-custom container_wrap sidebar_right' style = 'background-color: #2eabdd; background-repeat: no-repeat; background-image: url(https:\/\/bms-buchhaltung.net\/wp-content\/uploads\/2022\/05\/buchhaltung.svg);background-attachment: scroll; background-position: bottom left; ' data-section-bg-repeat='stretch' ><div class='container' style='height:430px'><div class='template-page content  av-content-small alpha units'><div class='post-entry post-entry-type-page post-entry-96'><div class='entry-content-wrapper clearfix'><\/div><\/div><\/div><!-- close content main div --><\/div><\/div><div id='after_section_1' class='main_color av_default_container_wrap container_wrap sidebar_right'   ><div class='container' ><div class='template-page content  av-content-small alpha units'><div class='post-entry post-entry-type-page post-entry-96'><div class='entry-content-wrapper clearfix'>\n<div style='padding-bottom:10px; margin-bottom:30px; color:#2eabdd;font-size:50px;' class='av-special-heading av-special-heading-h1 custom-color-heading blockquote modern-quote   av-inherit-size '><h1 class='av-special-heading-tag '  itemprop=\"headline\"  >Laufende Lohnbuchhaltung<\/h1><div class='special-heading-border'><div class='special-heading-inner-border' style='border-color:#2eabdd'><\/div><\/div><\/div>\n<div class=\"flex_column av_four_fifth  flex_column_div av-zero-column-padding first  \" style='border-radius:0px; '><section class=\"av_textblock_section \"  itemscope=\"itemscope\" itemtype=\"https:\/\/schema.org\/CreativeWork\" ><div class='avia_textblock  '   itemprop=\"text\" ><p>Die tarifsichere und genaue Abrechnung ist ein Muss f\u00fcr jedes Unternehemen. Hier setzten wir mit unserem Fachwissen und langj\u00e4hrigen Erfahrung an und \u00fcbernehmen die laufende Lohnbuchhaltung f\u00fcr Ihr Unternehmen.<\/p>\n<p>Verschaffen Sie sich einen ersten Einblick in den Leistungsumfang unserer Dienstleistung. Hier ein Auszug unserer lfd. Lohnbuchhaltung:<\/p>\n<ul>\n<li>Einrichtung des Personalstamms neuer Mitarbeiter<\/li>\n<li>St\u00fcndliche Erstellung und \u00dcbermittlung der Sofortmeldungen<\/li>\n<li>Direktes Einlesen der Lohndaten (z.B. aus WebCockpit)<\/li>\n<li>\u00dcberpr\u00fcfung und Abstimmung Ihrer Daten mit der Verdienstabrechnung<\/li>\n<li>Erstellung der Verdienstabrechnungen und Versand dieser innerhalb 48 Stunden nach Dateneingang<\/li>\n<li>Erstellung der Zahlungen und \u00dcbermittlung der Datei an die Bank des Auftraggebers<\/li>\n<li>Ausf\u00fcllen s\u00e4mtlicher Arbeits\u2013 und Verdienstbescheinigungen<\/li>\n<li>Ermittlung von Durchschnitten f\u00fcr Urlaub und Krank<\/li>\n<li>Bearbeitung von Pf\u00e4ndungen<\/li>\n<li>EDV-gest\u00fctzte Erstellung aller Sozialversicherungsmeldungen und Beitragsnachweise<\/li>\n<li>EDV-gest\u00fctzte Erstellung der Lohnsteuerbescheinigungen und -anmeldungen<\/li>\n<li>Jahresbeitragsmeldung f\u00fcr die Berufsgenossenschaft<\/li>\n<li>J\u00e4hrliche Meldung der Schwerbehindertenabgabe (Ausgleichsabgabe)<\/li>\n<li>Berechnung von Mutterschaftsgeld und Besch\u00e4ftigungsverbot, Antrag auf Erstattung bei der Krankenkasse<\/li>\n<li>EDV-gef\u00fchrte Lohnkonten<\/li>\n<li>Unterst\u00fctzung bei spezifischen Lohnfragen in der Systemgastronomie<\/li>\n<li>Unterst\u00fctzung bei Personal-Audits oder sonstigen Pr\u00fcfungen<\/li>\n<li>Erstellung und \u00dcbermittlung der Lohnbuchungsliste in die Finanzbuchhaltung oder an Ihren Steuerberater zum direkten Einlesen \u00fcber DATEV-Schnittstelle<\/li>\n<\/ul>\n<\/div><\/section><\/div>\n<\/div><\/div><\/div><!-- close content main div --><\/div><\/div><div id='av_section_2' class='avia-section main_color avia-section-default avia-no-border-styling avia-bg-style-scroll   container_wrap sidebar_right' style = 'background-color: #ddeaef; background-image: '  ><div class='container' ><div class='template-page content  av-content-small alpha units'><div class='post-entry post-entry-type-page post-entry-96'><div class='entry-content-wrapper clearfix'>\n<section class=\"av_textblock_section \"  itemscope=\"itemscope\" itemtype=\"https:\/\/schema.org\/CreativeWork\" ><div class='avia_textblock  '   itemprop=\"text\" ><h3 style=\"text-align: center;\">Denken Sie \u00fcber ein Outsourcen nach? Eine \u00dcbernahme ist jederzeit m\u00f6glich!<\/h3>\n<p style=\"text-align: center;\">Konzentrieren Sie sich wieder auf Ihr Kerngesch\u00e4ft und reduzieren Sie sp\u00fcrbar Ihre Kosten.<\/p>\n<p style=\"text-align: center;\">Haben wir Ihr Interesse geweckt? Rufen Sie an oder schreiben Sie uns!<\/p>\n<\/div><\/section>\n<\/div><\/div><\/div><!-- close content main div --><\/div><\/div><div id='after_section_2' class='main_color av_default_container_wrap container_wrap sidebar_right'   ><div class='container' ><div class='template-page content  av-content-small alpha units'><div class='post-entry post-entry-type-page post-entry-96'><div class='entry-content-wrapper clearfix'>\n","protected":false},"excerpt":{"rendered":"","protected":false},"author":1,"featured_media":0,"parent":0,"menu_order":0,"comment_status":"closed","ping_status":"closed","template":"","meta":{"inline_featured_image":false,"footnotes":""},"class_list":["post-96","page","type-page","status-publish","hentry"],"yoast_head":"<!-- This site is optimized with the Yoast SEO plugin v27.5 - https:\/\/yoast.com\/product\/yoast-seo-wordpress\/ -->\n<title>lfd. Lohnbuchhaltung - BMS GmbH &amp; Co. KG<\/title>\n<meta name=\"robots\" content=\"index, follow, max-snippet:-1, max-image-preview:large, max-video-preview:-1\" \/>\n<link rel=\"canonical\" href=\"https:\/\/bms-buchhaltung.net\/index.php\/lfd-lohnbuchhaltung\/\" \/>\n<meta property=\"og:locale\" content=\"de_DE\" \/>\n<meta property=\"og:type\" content=\"article\" \/>\n<meta property=\"og:title\" content=\"lfd. Lohnbuchhaltung - BMS GmbH &amp; Co. KG\" \/>\n<meta property=\"og:url\" content=\"https:\/\/bms-buchhaltung.net\/index.php\/lfd-lohnbuchhaltung\/\" \/>\n<meta property=\"og:site_name\" content=\"BMS GmbH &amp; Co. KG\" \/>\n<meta property=\"article:modified_time\" content=\"2022-05-12T09:53:22+00:00\" \/>\n<meta name=\"twitter:card\" content=\"summary_large_image\" \/>\n<meta name=\"twitter:site\" content=\"@BMSGmbH\" \/>\n<meta name=\"twitter:label1\" content=\"Gesch\u00e4tzte Lesezeit\" \/>\n\t<meta name=\"twitter:data1\" content=\"3\u00a0Minuten\" \/>\n<script type=\"application\/ld+json\" class=\"yoast-schema-graph\">{\"@context\":\"https:\\\/\\\/schema.org\",\"@graph\":[{\"@type\":\"WebPage\",\"@id\":\"https:\\\/\\\/bms-buchhaltung.net\\\/index.php\\\/lfd-lohnbuchhaltung\\\/\",\"url\":\"https:\\\/\\\/bms-buchhaltung.net\\\/index.php\\\/lfd-lohnbuchhaltung\\\/\",\"name\":\"lfd. Lohnbuchhaltung - BMS GmbH &amp; Co. KG\",\"isPartOf\":{\"@id\":\"https:\\\/\\\/bms-buchhaltung.net\\\/#website\"},\"datePublished\":\"2016-05-17T21:39:30+00:00\",\"dateModified\":\"2022-05-12T09:53:22+00:00\",\"breadcrumb\":{\"@id\":\"https:\\\/\\\/bms-buchhaltung.net\\\/index.php\\\/lfd-lohnbuchhaltung\\\/#breadcrumb\"},\"inLanguage\":\"de\",\"potentialAction\":[{\"@type\":\"ReadAction\",\"target\":[\"https:\\\/\\\/bms-buchhaltung.net\\\/index.php\\\/lfd-lohnbuchhaltung\\\/\"]}]},{\"@type\":\"BreadcrumbList\",\"@id\":\"https:\\\/\\\/bms-buchhaltung.net\\\/index.php\\\/lfd-lohnbuchhaltung\\\/#breadcrumb\",\"itemListElement\":[{\"@type\":\"ListItem\",\"position\":1,\"name\":\"Startseite\",\"item\":\"https:\\\/\\\/bms-buchhaltung.net\\\/index.php\\\/home\\\/\"},{\"@type\":\"ListItem\",\"position\":2,\"name\":\"lfd. Lohnbuchhaltung\"}]},{\"@type\":\"WebSite\",\"@id\":\"https:\\\/\\\/bms-buchhaltung.net\\\/#website\",\"url\":\"https:\\\/\\\/bms-buchhaltung.net\\\/\",\"name\":\"BMS GmbH &amp; Co. KG\",\"description\":\"lfd. Lohnbuchhaltung, Buchen lfd. Gesch\u00e4ftsvorf\u00e4ll e\",\"potentialAction\":[{\"@type\":\"SearchAction\",\"target\":{\"@type\":\"EntryPoint\",\"urlTemplate\":\"https:\\\/\\\/bms-buchhaltung.net\\\/?s={search_term_string}\"},\"query-input\":{\"@type\":\"PropertyValueSpecification\",\"valueRequired\":true,\"valueName\":\"search_term_string\"}}],\"inLanguage\":\"de\"}]}<\/script>\n<!-- \/ Yoast SEO plugin. -->","yoast_head_json":{"title":"lfd. Lohnbuchhaltung - BMS GmbH &amp; Co. KG","robots":{"index":"index","follow":"follow","max-snippet":"max-snippet:-1","max-image-preview":"max-image-preview:large","max-video-preview":"max-video-preview:-1"},"canonical":"https:\/\/bms-buchhaltung.net\/index.php\/lfd-lohnbuchhaltung\/","og_locale":"de_DE","og_type":"article","og_title":"lfd. Lohnbuchhaltung - BMS GmbH &amp; Co. KG","og_url":"https:\/\/bms-buchhaltung.net\/index.php\/lfd-lohnbuchhaltung\/","og_site_name":"BMS GmbH &amp; Co. KG","article_modified_time":"2022-05-12T09:53:22+00:00","twitter_card":"summary_large_image","twitter_site":"@BMSGmbH","twitter_misc":{"Gesch\u00e4tzte Lesezeit":"3\u00a0Minuten"},"schema":{"@context":"https:\/\/schema.org","@graph":[{"@type":"WebPage","@id":"https:\/\/bms-buchhaltung.net\/index.php\/lfd-lohnbuchhaltung\/","url":"https:\/\/bms-buchhaltung.net\/index.php\/lfd-lohnbuchhaltung\/","name":"lfd. Lohnbuchhaltung - BMS GmbH &amp; Co. KG","isPartOf":{"@id":"https:\/\/bms-buchhaltung.net\/#website"},"datePublished":"2016-05-17T21:39:30+00:00","dateModified":"2022-05-12T09:53:22+00:00","breadcrumb":{"@id":"https:\/\/bms-buchhaltung.net\/index.php\/lfd-lohnbuchhaltung\/#breadcrumb"},"inLanguage":"de","potentialAction":[{"@type":"ReadAction","target":["https:\/\/bms-buchhaltung.net\/index.php\/lfd-lohnbuchhaltung\/"]}]},{"@type":"BreadcrumbList","@id":"https:\/\/bms-buchhaltung.net\/index.php\/lfd-lohnbuchhaltung\/#breadcrumb","itemListElement":[{"@type":"ListItem","position":1,"name":"Startseite","item":"https:\/\/bms-buchhaltung.net\/index.php\/home\/"},{"@type":"ListItem","position":2,"name":"lfd. Lohnbuchhaltung"}]},{"@type":"WebSite","@id":"https:\/\/bms-buchhaltung.net\/#website","url":"https:\/\/bms-buchhaltung.net\/","name":"BMS GmbH &amp; Co. KG","description":"lfd. Lohnbuchhaltung, Buchen lfd. Gesch\u00e4ftsvorf\u00e4ll e","potentialAction":[{"@type":"SearchAction","target":{"@type":"EntryPoint","urlTemplate":"https:\/\/bms-buchhaltung.net\/?s={search_term_string}"},"query-input":{"@type":"PropertyValueSpecification","valueRequired":true,"valueName":"search_term_string"}}],"inLanguage":"de"}]}},"_links":{"self":[{"href":"https:\/\/bms-buchhaltung.net\/index.php\/wp-json\/wp\/v2\/pages\/96","targetHints":{"allow":["GET"]}}],"collection":[{"href":"https:\/\/bms-buchhaltung.net\/index.php\/wp-json\/wp\/v2\/pages"}],"about":[{"href":"https:\/\/bms-buchhaltung.net\/index.php\/wp-json\/wp\/v2\/types\/page"}],"author":[{"embeddable":true,"href":"https:\/\/bms-buchhaltung.net\/index.php\/wp-json\/wp\/v2\/users\/1"}],"replies":[{"embeddable":true,"href":"https:\/\/bms-buchhaltung.net\/index.php\/wp-json\/wp\/v2\/comments?post=96"}],"version-history":[{"count":22,"href":"https:\/\/bms-buchhaltung.net\/index.php\/wp-json\/wp\/v2\/pages\/96\/revisions"}],"predecessor-version":[{"id":1970,"href":"https:\/\/bms-buchhaltung.net\/index.php\/wp-json\/wp\/v2\/pages\/96\/revisions\/1970"}],"wp:attachment":[{"href":"https:\/\/bms-buchhaltung.net\/index.php\/wp-json\/wp\/v2\/media?parent=96"}],"curies":[{"name":"wp","href":"https:\/\/api.w.org\/{rel}","templated":true}]}}