{"id":98,"date":"2016-05-17T23:33:57","date_gmt":"2016-05-17T21:33:57","guid":{"rendered":"http:\/\/bms-buchhaltung.de\/?page_id=98"},"modified":"2022-05-12T11:55:18","modified_gmt":"2022-05-12T09:55:18","slug":"lfd-finanzbuchhaltung","status":"publish","type":"page","link":"https:\/\/bms-buchhaltung.net\/index.php\/lfd-finanzbuchhaltung\/","title":{"rendered":"lfd. Finanzbuchhaltung"},"content":{"rendered":"<\/div><\/div><\/div><!-- close content main div --><\/div><\/div><div id='av_section_1' class='avia-section main_color avia-section-default avia-no-border-styling avia-full-stretch avia-bg-style-scroll   av-minimum-height av-minimum-height-custom container_wrap sidebar_right' style = 'background-color: #2eabdd; background-repeat: no-repeat; background-image: url(https:\/\/bms-buchhaltung.net\/wp-content\/uploads\/2022\/05\/buchhaltung.svg);background-attachment: scroll; background-position: bottom left; ' data-section-bg-repeat='stretch' ><div class='container' style='height:430px'><div class='template-page content  av-content-small alpha units'><div class='post-entry post-entry-type-page post-entry-98'><div class='entry-content-wrapper clearfix'><\/div><\/div><\/div><!-- close content main div --><\/div><\/div><div id='after_section_1' class='main_color av_default_container_wrap container_wrap sidebar_right'   ><div class='container' ><div class='template-page content  av-content-small alpha units'><div class='post-entry post-entry-type-page post-entry-98'><div class='entry-content-wrapper clearfix'>\n<div style='padding-bottom:10px; margin-bottom:30px; color:#2eabdd;font-size:50px;' class='av-special-heading av-special-heading-h2 custom-color-heading blockquote modern-quote   av-inherit-size '><h2 class='av-special-heading-tag '  itemprop=\"headline\"  >Laufende Finanzbuchhaltung<\/h2><div class='special-heading-border'><div class='special-heading-inner-border' style='border-color:#2eabdd'><\/div><\/div><\/div>\n<div class=\"flex_column av_four_fifth  flex_column_div av-zero-column-padding first  \" style='border-radius:0px; '><section class=\"av_textblock_section \"  itemscope=\"itemscope\" itemtype=\"https:\/\/schema.org\/CreativeWork\" ><div class='avia_textblock  '   itemprop=\"text\" ><p>Bei Investitionsentscheidungen, Bankgespr\u00e4chen oder einfach der monatlichen BWA braucht es ein aussagekr\u00e4ftiges Zahlenwerk, das dem Management die richtigen Entscheidungen erm\u00f6glicht. Wir erfassen zeitnah und auf Ihre Branche abgestimmt die monatlichen Gesch\u00e4ftsvorf\u00e4lle\u00a0und erstellen daraus die Auswertungen, die fundierte Entscheidungen m\u00f6glich machen.<\/p>\n<p>Dabei erledigen wir u.a.:<\/p>\n<ul>\n<li>Branchengerechtes Verbuchen von Belegen aus der laufenden Buchf\u00fchrung auf aktuellen Kontenplan nach DATEV-Branchenl\u00f6sung: Eingangsrechnungen, TKB\u2019s, Petty-Cash, Essenbon-Abrechnungen, Bestandsver\u00e4nderungen, Bankausz\u00fcge, Darlehenskonten, etc.<\/li>\n<li>Belege k\u00f6nnen in papierform oder digital gesendet werden<\/li>\n<li>\u00dcberpr\u00fcfung aller Bankeinzahlungen sowie s\u00e4mtlicher Abbuchungen (Krankenkassen, Kreditoren)<\/li>\n<li>\u00dcbernahme der Lohnbuchungsdaten in die Finanzbuchhaltung<\/li>\n<li>P\u00fcnktliche Erstellung der monatlichen Auswertungen\u00a0inkl. Planzahlen und \u00dcbermittlung dieser zu externen Adressaten<\/li>\n<li>Erstellen von Quartals- und Jahresauswertungen<\/li>\n<li>Vorbereitung des Jahresabschlusses (Pr\u00fcfen aller Konten) und zeitnahe \u00dcbermittlung an Ihren Steuerberater, so dass der Jahresabschluss schnell und reibungslos erstellt werden kann.<\/li>\n<\/ul>\n<\/div><\/section><\/div>\n<\/div><\/div><\/div><!-- close content main div --><\/div><\/div><div id='av_section_2' class='avia-section main_color avia-section-default avia-no-border-styling avia-bg-style-scroll   container_wrap sidebar_right' style = 'background-color: #ddeaef; background-image: '  ><div class='container' ><div class='template-page content  av-content-small alpha units'><div class='post-entry post-entry-type-page post-entry-98'><div class='entry-content-wrapper clearfix'>\n<section class=\"av_textblock_section \"  itemscope=\"itemscope\" itemtype=\"https:\/\/schema.org\/CreativeWork\" ><div class='avia_textblock  '   itemprop=\"text\" ><h3 style=\"text-align: center;\">Denken Sie \u00fcber ein Outsourcen nach? Eine \u00dcbernahme ist jederzeit m\u00f6glich!<\/h3>\n<p style=\"text-align: center;\">Konzentrieren Sie sich wieder auf Ihr Kerngesch\u00e4ft und reduzieren Sie sp\u00fcrbar Ihre Kosten.<\/p>\n<p style=\"text-align: center;\">Haben wir Ihr Interesse geweckt? Rufen Sie an oder schreiben Sie uns!<\/p>\n<\/div><\/section>\n<\/div><\/div><\/div><!-- close content main div --><\/div><\/div><div id='after_section_2' class='main_color av_default_container_wrap container_wrap sidebar_right'   ><div class='container' ><div class='template-page content  av-content-small alpha units'><div class='post-entry post-entry-type-page post-entry-98'><div class='entry-content-wrapper clearfix'>\n","protected":false},"excerpt":{"rendered":"","protected":false},"author":1,"featured_media":0,"parent":0,"menu_order":0,"comment_status":"closed","ping_status":"closed","template":"","meta":{"inline_featured_image":false,"footnotes":""},"class_list":["post-98","page","type-page","status-publish","hentry"],"yoast_head":"<!-- This site is optimized with the Yoast SEO plugin v27.5 - https:\/\/yoast.com\/product\/yoast-seo-wordpress\/ -->\n<title>lfd. Finanzbuchhaltung - BMS GmbH &amp; Co. KG<\/title>\n<meta name=\"robots\" content=\"index, follow, max-snippet:-1, max-image-preview:large, max-video-preview:-1\" \/>\n<link rel=\"canonical\" href=\"https:\/\/bms-buchhaltung.net\/index.php\/lfd-finanzbuchhaltung\/\" \/>\n<meta property=\"og:locale\" content=\"de_DE\" \/>\n<meta property=\"og:type\" content=\"article\" \/>\n<meta property=\"og:title\" content=\"lfd. Finanzbuchhaltung - BMS GmbH &amp; Co. KG\" \/>\n<meta property=\"og:url\" content=\"https:\/\/bms-buchhaltung.net\/index.php\/lfd-finanzbuchhaltung\/\" \/>\n<meta property=\"og:site_name\" content=\"BMS GmbH &amp; Co. KG\" \/>\n<meta property=\"article:modified_time\" content=\"2022-05-12T09:55:18+00:00\" \/>\n<meta name=\"twitter:card\" content=\"summary_large_image\" \/>\n<meta name=\"twitter:site\" content=\"@BMSGmbH\" \/>\n<meta name=\"twitter:label1\" content=\"Gesch\u00e4tzte Lesezeit\" \/>\n\t<meta name=\"twitter:data1\" content=\"3\u00a0Minuten\" \/>\n<script type=\"application\/ld+json\" class=\"yoast-schema-graph\">{\"@context\":\"https:\\\/\\\/schema.org\",\"@graph\":[{\"@type\":\"WebPage\",\"@id\":\"https:\\\/\\\/bms-buchhaltung.net\\\/index.php\\\/lfd-finanzbuchhaltung\\\/\",\"url\":\"https:\\\/\\\/bms-buchhaltung.net\\\/index.php\\\/lfd-finanzbuchhaltung\\\/\",\"name\":\"lfd. Finanzbuchhaltung - BMS GmbH &amp; Co. KG\",\"isPartOf\":{\"@id\":\"https:\\\/\\\/bms-buchhaltung.net\\\/#website\"},\"datePublished\":\"2016-05-17T21:33:57+00:00\",\"dateModified\":\"2022-05-12T09:55:18+00:00\",\"breadcrumb\":{\"@id\":\"https:\\\/\\\/bms-buchhaltung.net\\\/index.php\\\/lfd-finanzbuchhaltung\\\/#breadcrumb\"},\"inLanguage\":\"de\",\"potentialAction\":[{\"@type\":\"ReadAction\",\"target\":[\"https:\\\/\\\/bms-buchhaltung.net\\\/index.php\\\/lfd-finanzbuchhaltung\\\/\"]}]},{\"@type\":\"BreadcrumbList\",\"@id\":\"https:\\\/\\\/bms-buchhaltung.net\\\/index.php\\\/lfd-finanzbuchhaltung\\\/#breadcrumb\",\"itemListElement\":[{\"@type\":\"ListItem\",\"position\":1,\"name\":\"Startseite\",\"item\":\"https:\\\/\\\/bms-buchhaltung.net\\\/index.php\\\/home\\\/\"},{\"@type\":\"ListItem\",\"position\":2,\"name\":\"lfd. Finanzbuchhaltung\"}]},{\"@type\":\"WebSite\",\"@id\":\"https:\\\/\\\/bms-buchhaltung.net\\\/#website\",\"url\":\"https:\\\/\\\/bms-buchhaltung.net\\\/\",\"name\":\"BMS GmbH &amp; Co. KG\",\"description\":\"lfd. Lohnbuchhaltung, Buchen lfd. Gesch\u00e4ftsvorf\u00e4ll e\",\"potentialAction\":[{\"@type\":\"SearchAction\",\"target\":{\"@type\":\"EntryPoint\",\"urlTemplate\":\"https:\\\/\\\/bms-buchhaltung.net\\\/?s={search_term_string}\"},\"query-input\":{\"@type\":\"PropertyValueSpecification\",\"valueRequired\":true,\"valueName\":\"search_term_string\"}}],\"inLanguage\":\"de\"}]}<\/script>\n<!-- \/ Yoast SEO plugin. -->","yoast_head_json":{"title":"lfd. Finanzbuchhaltung - BMS GmbH &amp; Co. KG","robots":{"index":"index","follow":"follow","max-snippet":"max-snippet:-1","max-image-preview":"max-image-preview:large","max-video-preview":"max-video-preview:-1"},"canonical":"https:\/\/bms-buchhaltung.net\/index.php\/lfd-finanzbuchhaltung\/","og_locale":"de_DE","og_type":"article","og_title":"lfd. Finanzbuchhaltung - BMS GmbH &amp; Co. KG","og_url":"https:\/\/bms-buchhaltung.net\/index.php\/lfd-finanzbuchhaltung\/","og_site_name":"BMS GmbH &amp; Co. KG","article_modified_time":"2022-05-12T09:55:18+00:00","twitter_card":"summary_large_image","twitter_site":"@BMSGmbH","twitter_misc":{"Gesch\u00e4tzte Lesezeit":"3\u00a0Minuten"},"schema":{"@context":"https:\/\/schema.org","@graph":[{"@type":"WebPage","@id":"https:\/\/bms-buchhaltung.net\/index.php\/lfd-finanzbuchhaltung\/","url":"https:\/\/bms-buchhaltung.net\/index.php\/lfd-finanzbuchhaltung\/","name":"lfd. Finanzbuchhaltung - BMS GmbH &amp; Co. KG","isPartOf":{"@id":"https:\/\/bms-buchhaltung.net\/#website"},"datePublished":"2016-05-17T21:33:57+00:00","dateModified":"2022-05-12T09:55:18+00:00","breadcrumb":{"@id":"https:\/\/bms-buchhaltung.net\/index.php\/lfd-finanzbuchhaltung\/#breadcrumb"},"inLanguage":"de","potentialAction":[{"@type":"ReadAction","target":["https:\/\/bms-buchhaltung.net\/index.php\/lfd-finanzbuchhaltung\/"]}]},{"@type":"BreadcrumbList","@id":"https:\/\/bms-buchhaltung.net\/index.php\/lfd-finanzbuchhaltung\/#breadcrumb","itemListElement":[{"@type":"ListItem","position":1,"name":"Startseite","item":"https:\/\/bms-buchhaltung.net\/index.php\/home\/"},{"@type":"ListItem","position":2,"name":"lfd. Finanzbuchhaltung"}]},{"@type":"WebSite","@id":"https:\/\/bms-buchhaltung.net\/#website","url":"https:\/\/bms-buchhaltung.net\/","name":"BMS GmbH &amp; Co. KG","description":"lfd. Lohnbuchhaltung, Buchen lfd. Gesch\u00e4ftsvorf\u00e4ll e","potentialAction":[{"@type":"SearchAction","target":{"@type":"EntryPoint","urlTemplate":"https:\/\/bms-buchhaltung.net\/?s={search_term_string}"},"query-input":{"@type":"PropertyValueSpecification","valueRequired":true,"valueName":"search_term_string"}}],"inLanguage":"de"}]}},"_links":{"self":[{"href":"https:\/\/bms-buchhaltung.net\/index.php\/wp-json\/wp\/v2\/pages\/98","targetHints":{"allow":["GET"]}}],"collection":[{"href":"https:\/\/bms-buchhaltung.net\/index.php\/wp-json\/wp\/v2\/pages"}],"about":[{"href":"https:\/\/bms-buchhaltung.net\/index.php\/wp-json\/wp\/v2\/types\/page"}],"author":[{"embeddable":true,"href":"https:\/\/bms-buchhaltung.net\/index.php\/wp-json\/wp\/v2\/users\/1"}],"replies":[{"embeddable":true,"href":"https:\/\/bms-buchhaltung.net\/index.php\/wp-json\/wp\/v2\/comments?post=98"}],"version-history":[{"count":20,"href":"https:\/\/bms-buchhaltung.net\/index.php\/wp-json\/wp\/v2\/pages\/98\/revisions"}],"predecessor-version":[{"id":2099,"href":"https:\/\/bms-buchhaltung.net\/index.php\/wp-json\/wp\/v2\/pages\/98\/revisions\/2099"}],"wp:attachment":[{"href":"https:\/\/bms-buchhaltung.net\/index.php\/wp-json\/wp\/v2\/media?parent=98"}],"curies":[{"name":"wp","href":"https:\/\/api.w.org\/{rel}","templated":true}]}}